{"id":7,"date":"2018-09-13T11:01:59","date_gmt":"2018-09-13T11:01:59","guid":{"rendered":"https:\/\/jupiterx.artbees.net\/opis\/?page_id=7"},"modified":"2024-12-02T17:18:52","modified_gmt":"2024-12-02T17:18:52","slug":"home","status":"publish","type":"page","link":"https:\/\/kayigo.com.tr\/","title":{"rendered":"Home"},"content":{"rendered":"\t\t<div data-elementor-type=\"wp-post\" data-elementor-id=\"7\" class=\"elementor elementor-7\">\n\t\t\t\t\t\t<section class=\"elementor-section elementor-top-section elementor-element elementor-element-9f5528e elementor-section-boxed elementor-section-height-default elementor-section-height-default\" data-id=\"9f5528e\" data-element_type=\"section\" data-e-type=\"section\" data-settings=\"{&quot;jet_parallax_layout_list&quot;:[{&quot;jet_parallax_layout_image&quot;:{&quot;url&quot;:&quot;&quot;,&quot;id&quot;:&quot;&quot;,&quot;size&quot;:&quot;&quot;},&quot;_id&quot;:&quot;c79f858&quot;,&quot;jet_parallax_layout_speed&quot;:{&quot;unit&quot;:&quot;%&quot;,&quot;size&quot;:&quot;50&quot;,&quot;sizes&quot;:[]},&quot;jet_parallax_layout_bg_x&quot;:&quot;50&quot;,&quot;jet_parallax_layout_bg_y&quot;:&quot;50&quot;,&quot;jet_parallax_layout_image_tablet&quot;:{&quot;url&quot;:&quot;&quot;,&quot;id&quot;:&quot;&quot;,&quot;size&quot;:&quot;&quot;},&quot;jet_parallax_layout_image_mobile&quot;:{&quot;url&quot;:&quot;&quot;,&quot;id&quot;:&quot;&quot;,&quot;size&quot;:&quot;&quot;},&quot;jet_parallax_layout_type&quot;:&quot;scroll&quot;,&quot;jet_parallax_layout_direction&quot;:&quot;1&quot;,&quot;jet_parallax_layout_fx_direction&quot;:null,&quot;jet_parallax_layout_z_index&quot;:&quot;&quot;,&quot;jet_parallax_layout_bg_x_tablet&quot;:&quot;&quot;,&quot;jet_parallax_layout_bg_x_mobile&quot;:&quot;&quot;,&quot;jet_parallax_layout_bg_y_tablet&quot;:&quot;&quot;,&quot;jet_parallax_layout_bg_y_mobile&quot;:&quot;&quot;,&quot;jet_parallax_layout_bg_size&quot;:&quot;auto&quot;,&quot;jet_parallax_layout_bg_size_tablet&quot;:&quot;&quot;,&quot;jet_parallax_layout_bg_size_mobile&quot;:&quot;&quot;,&quot;jet_parallax_layout_animation_prop&quot;:&quot;transform&quot;,&quot;jet_parallax_layout_on&quot;:[&quot;desktop&quot;,&quot;tablet&quot;]}]}\">\n\t\t\t\t\t\t<div class=\"elementor-container elementor-column-gap-no\">\n\t\t\t\t\t<div class=\"elementor-column elementor-col-100 elementor-top-column elementor-element elementor-element-8fc6c5b\" data-id=\"8fc6c5b\" data-element_type=\"column\" data-e-type=\"column\">\n\t\t\t<div class=\"elementor-widget-wrap elementor-element-populated\">\n\t\t\t\t\t\t<div class=\"elementor-element elementor-element-9fd4c8e elementor-widget elementor-widget-text-editor\" data-id=\"9fd4c8e\" data-element_type=\"widget\" data-e-type=\"widget\" data-widget_type=\"text-editor.default\">\n\t\t\t\t<div class=\"elementor-widget-container\">\n\t\t\t\t\t\t\t\t\t<p>KAYIGO, \u00e7a\u011fda\u015f tasar\u0131m\u0131n hayat\u0131m\u0131zda \u00f6nemli bir rol ta\u015f\u0131d\u0131\u011f\u0131n\u0131 benimseyerek \u00e7al\u0131\u015fmalar\u0131n\u0131 s\u00fcrd\u00fcrmeyi ama\u00e7lam\u0131\u015ft\u0131r. Yeni bir \u00fcr\u00fcn\u00fc olu\u015ftururken vizyonumuz do\u011frultusunda fonksiyonellik, d\u0131\u015f g\u00f6r\u00fcn\u00fcm, do\u011fal malzeme ve s\u00fcrd\u00fcr\u00fclebilirlik kriterleriyle de\u011ferlendiriyoruz. \u00dcr\u00fcnlerimizin modern \u00e7izgiler ta\u015f\u0131mas\u0131n\u0131n yan\u0131nda mutluluk, konfor, ergonomi etkileriyle hayat\u0131n\u0131za dokunmas\u0131n\u0131 istiyoruz. Bunun i\u00e7in de en do\u011fal malzemeleri bulmak i\u00e7in \u00e7al\u0131\u015f\u0131yoruz. Mutlu oldu\u011funuz ve mutlu etti\u011finiz anlarda yan\u0131n\u0131zda olmak dile\u011fiyle\u2026<\/p>\t\t\t\t\t\t\t\t<\/div>\n\t\t\t\t<\/div>\n\t\t\t\t\t<\/div>\n\t\t<\/div>\n\t\t\t\t\t<\/div>\n\t\t<\/section>\n\t\t\t\t<section class=\"elementor-section elementor-top-section elementor-element elementor-element-8b3c275 elementor-section-height-min-height elementor-section-boxed elementor-section-height-default elementor-section-items-middle\" data-id=\"8b3c275\" data-element_type=\"section\" data-e-type=\"section\" data-settings=\"{&quot;jet_parallax_layout_list&quot;:[{&quot;jet_parallax_layout_image&quot;:{&quot;url&quot;:&quot;&quot;,&quot;id&quot;:&quot;&quot;,&quot;size&quot;:&quot;&quot;},&quot;_id&quot;:&quot;427e516&quot;,&quot;jet_parallax_layout_speed&quot;:{&quot;unit&quot;:&quot;%&quot;,&quot;size&quot;:&quot;50&quot;,&quot;sizes&quot;:[]},&quot;jet_parallax_layout_bg_x&quot;:&quot;50&quot;,&quot;jet_parallax_layout_bg_y&quot;:&quot;50&quot;,&quot;jet_parallax_layout_image_tablet&quot;:{&quot;url&quot;:&quot;&quot;,&quot;id&quot;:&quot;&quot;,&quot;size&quot;:&quot;&quot;},&quot;jet_parallax_layout_image_mobile&quot;:{&quot;url&quot;:&quot;&quot;,&quot;id&quot;:&quot;&quot;,&quot;size&quot;:&quot;&quot;},&quot;jet_parallax_layout_type&quot;:&quot;scroll&quot;,&quot;jet_parallax_layout_direction&quot;:&quot;1&quot;,&quot;jet_parallax_layout_fx_direction&quot;:null,&quot;jet_parallax_layout_z_index&quot;:&quot;&quot;,&quot;jet_parallax_layout_bg_x_tablet&quot;:&quot;&quot;,&quot;jet_parallax_layout_bg_x_mobile&quot;:&quot;&quot;,&quot;jet_parallax_layout_bg_y_tablet&quot;:&quot;&quot;,&quot;jet_parallax_layout_bg_y_mobile&quot;:&quot;&quot;,&quot;jet_parallax_layout_bg_size&quot;:&quot;auto&quot;,&quot;jet_parallax_layout_bg_size_tablet&quot;:&quot;&quot;,&quot;jet_parallax_layout_bg_size_mobile&quot;:&quot;&quot;,&quot;jet_parallax_layout_animation_prop&quot;:&quot;transform&quot;,&quot;jet_parallax_layout_on&quot;:[&quot;desktop&quot;,&quot;tablet&quot;]}]}\">\n\t\t\t\t\t\t<div class=\"elementor-container elementor-column-gap-no\">\n\t\t\t\t\t<div class=\"elementor-column elementor-col-100 elementor-top-column elementor-element elementor-element-9c5e054 raven-column-flex-horizontal\" data-id=\"9c5e054\" data-element_type=\"column\" data-e-type=\"column\">\n\t\t\t<div class=\"elementor-widget-wrap elementor-element-populated\">\n\t\t\t\t\t\t<div class=\"elementor-element elementor-element-b137c81 elementor-arrows-position-inside elementor-widget elementor-widget-image-carousel\" data-id=\"b137c81\" data-element_type=\"widget\" data-e-type=\"widget\" data-settings=\"{&quot;slides_to_show&quot;:&quot;1&quot;,&quot;navigation&quot;:&quot;arrows&quot;,&quot;effect&quot;:&quot;fade&quot;,&quot;autoplay&quot;:&quot;yes&quot;,&quot;pause_on_hover&quot;:&quot;yes&quot;,&quot;pause_on_interaction&quot;:&quot;yes&quot;,&quot;autoplay_speed&quot;:5000,&quot;infinite&quot;:&quot;yes&quot;,&quot;speed&quot;:500}\" data-widget_type=\"image-carousel.default\">\n\t\t\t\t<div class=\"elementor-widget-container\">\n\t\t\t\t\t\t\t<div class=\"elementor-image-carousel-wrapper swiper\" role=\"region\" aria-roledescription=\"carousel\" aria-label=\"Resim D\u00f6ng\u00fcs\u00fc\" dir=\"ltr\">\n\t\t\t<div class=\"elementor-image-carousel swiper-wrapper swiper-image-stretch\" aria-live=\"off\">\n\t\t\t\t\t\t\t\t<div class=\"swiper-slide\" role=\"group\" aria-roledescription=\"slide\" aria-label=\"1 \/ 1\"><figure class=\"swiper-slide-inner\"><img decoding=\"async\" class=\"swiper-slide-image\" src=\"https:\/\/kayigo.com.tr\/wp-content\/uploads\/2024\/10\/DSCF5759-1-scaled.webp\" alt=\"DSCF5759 (1)\" \/><\/figure><\/div>\t\t\t<\/div>\n\t\t\t\t\t<\/div>\n\t\t\t\t\t\t<\/div>\n\t\t\t\t<\/div>\n\t\t\t\t\t<\/div>\n\t\t<\/div>\n\t\t\t\t\t<\/div>\n\t\t<\/section>\n\t\t\t\t<section class=\"elementor-section elementor-top-section elementor-element elementor-element-f89a593 elementor-section-height-min-height elementor-section-items-top elementor-section-boxed elementor-section-height-default\" data-id=\"f89a593\" data-element_type=\"section\" data-e-type=\"section\" data-settings=\"{&quot;jet_parallax_layout_list&quot;:[{&quot;jet_parallax_layout_image&quot;:{&quot;url&quot;:&quot;&quot;,&quot;id&quot;:&quot;&quot;,&quot;size&quot;:&quot;&quot;},&quot;_id&quot;:&quot;8ccbe17&quot;,&quot;jet_parallax_layout_speed&quot;:{&quot;unit&quot;:&quot;%&quot;,&quot;size&quot;:&quot;50&quot;,&quot;sizes&quot;:[]},&quot;jet_parallax_layout_bg_x&quot;:&quot;50&quot;,&quot;jet_parallax_layout_bg_y&quot;:&quot;50&quot;,&quot;jet_parallax_layout_image_tablet&quot;:{&quot;url&quot;:&quot;&quot;,&quot;id&quot;:&quot;&quot;,&quot;size&quot;:&quot;&quot;},&quot;jet_parallax_layout_image_mobile&quot;:{&quot;url&quot;:&quot;&quot;,&quot;id&quot;:&quot;&quot;,&quot;size&quot;:&quot;&quot;},&quot;jet_parallax_layout_type&quot;:&quot;scroll&quot;,&quot;jet_parallax_layout_direction&quot;:&quot;1&quot;,&quot;jet_parallax_layout_fx_direction&quot;:null,&quot;jet_parallax_layout_z_index&quot;:&quot;&quot;,&quot;jet_parallax_layout_bg_x_tablet&quot;:&quot;&quot;,&quot;jet_parallax_layout_bg_x_mobile&quot;:&quot;&quot;,&quot;jet_parallax_layout_bg_y_tablet&quot;:&quot;&quot;,&quot;jet_parallax_layout_bg_y_mobile&quot;:&quot;&quot;,&quot;jet_parallax_layout_bg_size&quot;:&quot;auto&quot;,&quot;jet_parallax_layout_bg_size_tablet&quot;:&quot;&quot;,&quot;jet_parallax_layout_bg_size_mobile&quot;:&quot;&quot;,&quot;jet_parallax_layout_animation_prop&quot;:&quot;transform&quot;,&quot;jet_parallax_layout_on&quot;:[&quot;desktop&quot;,&quot;tablet&quot;]}]}\">\n\t\t\t\t\t\t<div class=\"elementor-container elementor-column-gap-no\">\n\t\t\t\t\t<div class=\"elementor-column elementor-col-100 elementor-top-column elementor-element elementor-element-a356b65\" data-id=\"a356b65\" data-element_type=\"column\" data-e-type=\"column\">\n\t\t\t<div class=\"elementor-widget-wrap elementor-element-populated\">\n\t\t\t\t\t\t<div class=\"elementor-element elementor-element-062ca7b elementor-widget elementor-widget-raven-categories\" data-id=\"062ca7b\" data-element_type=\"widget\" data-e-type=\"widget\" data-settings=\"{&quot;_skin&quot;:&quot;inner_content&quot;,&quot;source&quot;:&quot;product&quot;,&quot;inner_content_layout&quot;:&quot;grid&quot;,&quot;inner_content_columns&quot;:&quot;3&quot;,&quot;inner_content_columns_tablet&quot;:&quot;2&quot;,&quot;inner_content_columns_mobile&quot;:&quot;1&quot;}\" data-widget_type=\"raven-categories.inner_content\">\n\t\t\t\t<div class=\"elementor-widget-container\">\n\t\t\t\t\t\t\t<div class=\"raven-categories-grid raven-categories-skin-inner_content\">\n\t\t\t\t\t<article class=\"raven-categories-item post-7 page type-page status-publish hentry\">\n\t\t\t\t\t<div class=\"raven-categories-img\" style=\"background-image: url('https:\/\/kayigo.com.tr\/wp-content\/uploads\/2024\/11\/DSCF8507-1024x1024.jpg')\"><\/div>\n\t\t\t\t\t<div class=\"raven-categories-content\">\n\t\t\t<div class=\"raven-categories-title-wrap\"><h3 class=\"raven-categories-title\"><a href=\"https:\/\/kayigo.com.tr\/index.php\/product-category\/cooly-goz-yastigi\/\">Cooly G\u00f6z Yast\u0131\u011f\u0131<\/a><\/h3><\/div>\t\t\t<\/div>\n\t\t<\/article>\n\t\t\t\t<article class=\"raven-categories-item post-7 page type-page status-publish hentry\">\n\t\t\t\t\t<div class=\"raven-categories-img\" style=\"background-image: url('https:\/\/kayigo.com.tr\/wp-content\/uploads\/2024\/11\/36b9a6d5363f34a6d759f78c126d080e-1024x682.jpg')\"><\/div>\n\t\t\t\t\t<div class=\"raven-categories-content\">\n\t\t\t<div class=\"raven-categories-title-wrap\"><h3 class=\"raven-categories-title\"><a href=\"https:\/\/kayigo.com.tr\/index.php\/product-category\/judy\/\">Judy<\/a><\/h3><\/div>\t\t\t<\/div>\n\t\t<\/article>\n\t\t\t\t<article class=\"raven-categories-item post-7 page type-page status-publish hentry\">\n\t\t\t\t\t<div class=\"raven-categories-img\" style=\"background-image: url('https:\/\/kayigo.com.tr\/wp-content\/uploads\/2024\/10\/KYG-CXL130_low_01-1024x1024.jpg')\"><\/div>\n\t\t\t\t\t<div class=\"raven-categories-content\">\n\t\t\t<div class=\"raven-categories-title-wrap\"><h3 class=\"raven-categories-title\"><a href=\"https:\/\/kayigo.com.tr\/index.php\/product-category\/not-tutucu\/\">Not Tutucu<\/a><\/h3><\/div>\t\t\t<\/div>\n\t\t<\/article>\n\t\t\t\t<article class=\"raven-categories-item post-7 page type-page status-publish hentry\">\n\t\t\t\t\t<div class=\"raven-categories-img\" style=\"background-image: url('https:\/\/kayigo.com.tr\/wp-content\/uploads\/2024\/11\/dscf0915-scaled-1-1024x683.jpg')\"><\/div>\n\t\t\t\t\t<div class=\"raven-categories-content\">\n\t\t\t<div class=\"raven-categories-title-wrap\"><h3 class=\"raven-categories-title\"><a href=\"https:\/\/kayigo.com.tr\/index.php\/product-category\/ofis\/\">Ofis<\/a><\/h3><\/div>\t\t\t<\/div>\n\t\t<\/article>\n\t\t\t\t<article class=\"raven-categories-item post-7 page type-page status-publish hentry\">\n\t\t\t\t\t<div class=\"raven-categories-img\" style=\"background-image: url('https:\/\/kayigo.com.tr\/wp-content\/uploads\/2024\/11\/ec8974e7cdf3a3e053022ab33d5ec39c-2-1024x682.jpg')\"><\/div>\n\t\t\t\t\t<div class=\"raven-categories-content\">\n\t\t\t<div class=\"raven-categories-title-wrap\"><h3 class=\"raven-categories-title\"><a href=\"https:\/\/kayigo.com.tr\/index.php\/product-category\/tiny-kirtasiye\/\">Tiny K\u0131rtasiye<\/a><\/h3><\/div>\t\t\t<\/div>\n\t\t<\/article>\n\t\t\t\t<article class=\"raven-categories-item post-7 page type-page status-publish hentry\">\n\t\t\t\t\t<div class=\"raven-categories-img\" style=\"background-image: url('https:\/\/kayigo.com.tr\/wp-content\/uploads\/2024\/11\/low-1024x682.jpg')\"><\/div>\n\t\t\t\t\t<div class=\"raven-categories-content\">\n\t\t\t<div class=\"raven-categories-title-wrap\"><h3 class=\"raven-categories-title\"><a href=\"https:\/\/kayigo.com.tr\/index.php\/product-category\/warmy-sarilma-yastigi\/\">Warmy Sar\u0131lma Yast\u0131\u011f\u0131<\/a><\/h3><\/div>\t\t\t<\/div>\n\t\t<\/article>\n\t\t\t\t<\/div>\n\t\t\t\t\t\t<\/div>\n\t\t\t\t<\/div>\n\t\t\t\t\t<\/div>\n\t\t<\/div>\n\t\t\t\t\t<\/div>\n\t\t<\/section>\n\t\t\t\t<\/div>\n\t\t","protected":false},"excerpt":{"rendered":"<p>KAYIGO, \u00e7a\u011fda\u015f tasar\u0131m\u0131n hayat\u0131m\u0131zda \u00f6nemli bir rol ta\u015f\u0131d\u0131\u011f\u0131n\u0131 benimseyerek \u00e7al\u0131\u015fmalar\u0131n\u0131 s\u00fcrd\u00fcrmeyi ama\u00e7lam\u0131\u015ft\u0131r. Yeni bir \u00fcr\u00fcn\u00fc olu\u015ftururken vizyonumuz do\u011frultusunda fonksiyonellik, d\u0131\u015f g\u00f6r\u00fcn\u00fcm, do\u011fal malzeme ve s\u00fcrd\u00fcr\u00fclebilirlik kriterleriyle de\u011ferlendiriyoruz. \u00dcr\u00fcnlerimizin modern \u00e7izgiler ta\u015f\u0131mas\u0131n\u0131n yan\u0131nda mutluluk, konfor, ergonomi etkileriyle hayat\u0131n\u0131za dokunmas\u0131n\u0131 istiyoruz. Bunun i\u00e7in de en do\u011fal malzemeleri bulmak i\u00e7in \u00e7al\u0131\u015f\u0131yoruz. Mutlu oldu\u011funuz ve mutlu etti\u011finiz anlarda yan\u0131n\u0131zda [&hellip;]<\/p>\n","protected":false},"author":1,"featured_media":0,"parent":0,"menu_order":0,"comment_status":"closed","ping_status":"closed","template":"full-width.php","meta":{"_acf_changed":false,"footnotes":""},"class_list":["post-7","page","type-page","status-publish","hentry"],"acf":[],"jetpack_sharing_enabled":true,"_links":{"self":[{"href":"https:\/\/kayigo.com.tr\/index.php\/wp-json\/wp\/v2\/pages\/7","targetHints":{"allow":["GET"]}}],"collection":[{"href":"https:\/\/kayigo.com.tr\/index.php\/wp-json\/wp\/v2\/pages"}],"about":[{"href":"https:\/\/kayigo.com.tr\/index.php\/wp-json\/wp\/v2\/types\/page"}],"author":[{"embeddable":true,"href":"https:\/\/kayigo.com.tr\/index.php\/wp-json\/wp\/v2\/users\/1"}],"replies":[{"embeddable":true,"href":"https:\/\/kayigo.com.tr\/index.php\/wp-json\/wp\/v2\/comments?post=7"}],"version-history":[{"count":20,"href":"https:\/\/kayigo.com.tr\/index.php\/wp-json\/wp\/v2\/pages\/7\/revisions"}],"predecessor-version":[{"id":2228,"href":"https:\/\/kayigo.com.tr\/index.php\/wp-json\/wp\/v2\/pages\/7\/revisions\/2228"}],"wp:attachment":[{"href":"https:\/\/kayigo.com.tr\/index.php\/wp-json\/wp\/v2\/media?parent=7"}],"curies":[{"name":"wp","href":"https:\/\/api.w.org\/{rel}","templated":true}]}}