{"id":1098,"date":"2024-11-30T12:43:47","date_gmt":"2024-11-30T12:43:47","guid":{"rendered":"https:\/\/kayigo.com.tr\/index.php\/product\/kayigo-tavla-pembe-cicek-desenli\/"},"modified":"2026-04-03T18:39:03","modified_gmt":"2026-04-03T18:39:03","slug":"kayigo-tavla-pembe-cicek-desenli","status":"publish","type":"product","link":"https:\/\/kayigo.com.tr\/index.php\/product\/kayigo-tavla-pembe-cicek-desenli\/","title":{"rendered":"KAYIGO TAVLA PEMBE \u00c7\u0130\u00c7EK DESENL\u0130"},"content":{"rendered":"<p>Do\u011fa dokunu\u015flar\u0131yla tasarlanm\u0131\u015f nadide tavla tak\u0131m\u0131; el yap\u0131m\u0131 ah\u015fap ve detayl\u0131 deri i\u015f\u00e7ili\u011fiyle tavla tutkunlar\u0131n\u0131n vazge\u00e7ilmez par\u00e7as\u0131 olacak&#8230;<\/p>\n<p>&nbsp;<\/p>\n<p>S\u00fcet kese i\u00e7inde 30 adet \u00f6zel yap\u0131m sedef tavla pulu, 2 \u00e7ift tavla zar\u0131<\/p>\n<p>&nbsp;<\/p>\n<p>Tavla \u00d6zellikleri:<br \/>\n\u0130\u00e7 Y\u00fczey: Masif ah\u015fap<br \/>\nD\u0131\u015f Y\u00fczey: Deri<br \/>\nPullar: Sedef<\/p>\n<p>Kapal\u0131 \u00d6l\u00e7\u00fc : 42cm x 22cm x 7cm<br \/>\nA\u00e7\u0131k \u00d6l\u00e7\u00fc : 42cm x 54cm x 3,5cm<\/p>\n<p>Kutulu a\u011f\u0131rl\u0131k : 3,5 kg<br \/>\nKutusuz a\u011f\u0131rl\u0131k: 3,05 kg<\/p>\n<p>&nbsp;<\/p>\n","protected":false},"excerpt":{"rendered":"<p>Do\u011fa dokunu\u015flar\u0131yla tasarlanm\u0131\u015f nadide tavla tak\u0131m\u0131; el yap\u0131m\u0131 ah\u015fap ve detayl\u0131 deri i\u015f\u00e7ili\u011fiyle tavla tutkunlar\u0131n\u0131n vazge\u00e7ilmez par\u00e7as\u0131 olacak&#8230; &nbsp; S\u00fcet kese i\u00e7inde 30 adet \u00f6zel yap\u0131m sedef tavla pulu, 2 \u00e7ift tavla zar\u0131 &nbsp; Tavla \u00d6zellikleri: \u0130\u00e7 Y\u00fczey: Masif ah\u015fap D\u0131\u015f Y\u00fczey: Deri Pullar: Sedef Kapal\u0131 \u00d6l\u00e7\u00fc : 42cm x 22cm x 7cm A\u00e7\u0131k \u00d6l\u00e7\u00fc [&hellip;]<\/p>\n","protected":false},"featured_media":878,"comment_status":"closed","ping_status":"closed","template":"","meta":{"_acf_changed":false},"product_brand":[],"product_cat":[32],"product_tag":[],"class_list":{"0":"post-1098","1":"product","2":"type-product","3":"status-publish","4":"has-post-thumbnail","6":"product_cat-oyun","7":"pa_marka-kayigo","9":"first","10":"outofstock","11":"purchasable","12":"product-type-simple"},"acf":[],"jetpack_sharing_enabled":true,"_links":{"self":[{"href":"https:\/\/kayigo.com.tr\/index.php\/wp-json\/wp\/v2\/product\/1098","targetHints":{"allow":["GET"]}}],"collection":[{"href":"https:\/\/kayigo.com.tr\/index.php\/wp-json\/wp\/v2\/product"}],"about":[{"href":"https:\/\/kayigo.com.tr\/index.php\/wp-json\/wp\/v2\/types\/product"}],"replies":[{"embeddable":true,"href":"https:\/\/kayigo.com.tr\/index.php\/wp-json\/wp\/v2\/comments?post=1098"}],"wp:featuredmedia":[{"embeddable":true,"href":"https:\/\/kayigo.com.tr\/index.php\/wp-json\/wp\/v2\/media\/878"}],"wp:attachment":[{"href":"https:\/\/kayigo.com.tr\/index.php\/wp-json\/wp\/v2\/media?parent=1098"}],"wp:term":[{"taxonomy":"product_brand","embeddable":true,"href":"https:\/\/kayigo.com.tr\/index.php\/wp-json\/wp\/v2\/product_brand?post=1098"},{"taxonomy":"product_cat","embeddable":true,"href":"https:\/\/kayigo.com.tr\/index.php\/wp-json\/wp\/v2\/product_cat?post=1098"},{"taxonomy":"product_tag","embeddable":true,"href":"https:\/\/kayigo.com.tr\/index.php\/wp-json\/wp\/v2\/product_tag?post=1098"}],"curies":[{"name":"wp","href":"https:\/\/api.w.org\/{rel}","templated":true}]}}