{"id":1101,"date":"2024-11-30T12:43:47","date_gmt":"2024-11-30T12:43:47","guid":{"rendered":"https:\/\/kayigo.com.tr\/index.php\/product\/kayigo-woody-uclu-ofis-seti-acik-kahverengi-2\/"},"modified":"2026-04-03T14:18:05","modified_gmt":"2024-12-02T14:38:33","slug":"kayigo-woody-uclu-ofis-seti-acik-kahverengi-2","status":"publish","type":"product","link":"https:\/\/kayigo.com.tr\/index.php\/product\/kayigo-woody-uclu-ofis-seti-acik-kahverengi-2\/","title":{"rendered":"KAYIGO Woody \u00dc\u00e7l\u00fc Ofis Seti A\u00e7\u0131k Kahverengi"},"content":{"rendered":"<p>&nbsp;<\/p>\n<p>n<br \/>\nn<\/p>\n<p>&Ccedil;al\u0131\u015fma masalar\u0131n\u0131n &uuml;st&uuml;nde biriken e\u015fyalar\u0131 s&uuml;rekli aramaktan kurtaracak &ouml;zel tasar\u0131m ah\u015fap organizerler sizi da\u011f\u0131n\u0131kl\u0131k ve karma\u015fadan uzakla\u015ft\u0131rarak her \u015feyi rahat&ccedil;a bulman\u0131z\u0131 sa\u011flayacak. Ofisinizin havas\u0131n\u0131 de\u011fi\u015ftiren ayn\u0131 zamanda i\u015f yerleri i&ccedil;in kullan\u0131\u015fl\u0131 bir hediye olan Kayigo Woody &Uuml;&ccedil;l&uuml; Set masa &uuml;st&uuml; organizer fonksiyonelli\u011fi &ouml;ne &ccedil;\u0131karman\u0131z i&ccedil;in harika bir tercih olacakt\u0131r.<\/p>\n<p>n<br \/>\nn<\/p>\n<p>&nbsp;<\/p>\n<p>n<br \/>\nn<\/p>\n<p>Bir adet kalemlik ve organizer ve kakt&uuml;s notluk beraber gelmektedir. Ah\u015fap do\u011fal bir malzeme olmas\u0131 sebebiyle desen, renk farkl\u0131l\u0131klar\u0131 g&ouml;sterebilmektedir.<\/p>\n<p>n<br \/>\nn<\/p>\n<p>Kalemlik<br \/>\nnBoy : 23,5Cm<br \/>\nnEn: 7,5 cm<br \/>\nnY&uuml;kseklik: 3 Cm<br \/>\nnOrganizer<br \/>\nnBoy : 16 Cm<br \/>\nnEn: 7,5 Cm<br \/>\nnY&uuml;kseklik: 3 Cm<br \/>\nnKakt&uuml;s Notluk<br \/>\nnBoy : 13 Cm<br \/>\nnEn: 6 Cm<br \/>\nnY&uuml;kseklik: 18 Cm<\/p>\n<p>n<br \/>\nn<\/p>\n<p>&nbsp;<\/p>\n<p>n<\/p>\n","protected":false},"excerpt":{"rendered":"<p>&nbsp; n n &Ccedil;al\u0131\u015fma masalar\u0131n\u0131n &uuml;st&uuml;nde biriken e\u015fyalar\u0131 s&uuml;rekli aramaktan kurtaracak &ouml;zel tasar\u0131m ah\u015fap organizerler sizi da\u011f\u0131n\u0131kl\u0131k ve karma\u015fadan uzakla\u015ft\u0131rarak her \u015feyi rahat&ccedil;a bulman\u0131z\u0131 sa\u011flayacak. Ofisinizin havas\u0131n\u0131 de\u011fi\u015ftiren ayn\u0131 zamanda i\u015f yerleri i&ccedil;in kullan\u0131\u015fl\u0131 bir hediye olan Kayigo Woody &Uuml;&ccedil;l&uuml; Set masa &uuml;st&uuml; organizer fonksiyonelli\u011fi &ouml;ne &ccedil;\u0131karman\u0131z i&ccedil;in harika bir tercih olacakt\u0131r. n n &nbsp; [&hellip;]<\/p>\n","protected":false},"featured_media":891,"comment_status":"closed","ping_status":"open","template":"","meta":{"_acf_changed":false},"product_brand":[],"product_cat":[44],"product_tag":[],"class_list":{"0":"post-1101","1":"product","2":"type-product","3":"status-publish","4":"has-post-thumbnail","6":"product_cat-ofis","7":"pa_marka-kayigo","9":"first","10":"instock","11":"purchasable","12":"product-type-simple"},"acf":[],"jetpack_sharing_enabled":true,"_links":{"self":[{"href":"https:\/\/kayigo.com.tr\/index.php\/wp-json\/wp\/v2\/product\/1101","targetHints":{"allow":["GET"]}}],"collection":[{"href":"https:\/\/kayigo.com.tr\/index.php\/wp-json\/wp\/v2\/product"}],"about":[{"href":"https:\/\/kayigo.com.tr\/index.php\/wp-json\/wp\/v2\/types\/product"}],"replies":[{"embeddable":true,"href":"https:\/\/kayigo.com.tr\/index.php\/wp-json\/wp\/v2\/comments?post=1101"}],"wp:featuredmedia":[{"embeddable":true,"href":"https:\/\/kayigo.com.tr\/index.php\/wp-json\/wp\/v2\/media\/891"}],"wp:attachment":[{"href":"https:\/\/kayigo.com.tr\/index.php\/wp-json\/wp\/v2\/media?parent=1101"}],"wp:term":[{"taxonomy":"product_brand","embeddable":true,"href":"https:\/\/kayigo.com.tr\/index.php\/wp-json\/wp\/v2\/product_brand?post=1101"},{"taxonomy":"product_cat","embeddable":true,"href":"https:\/\/kayigo.com.tr\/index.php\/wp-json\/wp\/v2\/product_cat?post=1101"},{"taxonomy":"product_tag","embeddable":true,"href":"https:\/\/kayigo.com.tr\/index.php\/wp-json\/wp\/v2\/product_tag?post=1101"}],"curies":[{"name":"wp","href":"https:\/\/api.w.org\/{rel}","templated":true}]}}