{"id":1118,"date":"2024-11-30T12:44:01","date_gmt":"2024-11-30T12:44:01","guid":{"rendered":"https:\/\/kayigo.com.tr\/index.php\/product\/kayigo-cactus-lavanta-dolgulu-gri-notluk\/"},"modified":"2026-04-03T14:18:05","modified_gmt":"2026-02-12T14:39:13","slug":"kayigo-cactus-lavanta-dolgulu-gri-notluk","status":"publish","type":"product","link":"https:\/\/kayigo.com.tr\/index.php\/product\/kayigo-cactus-lavanta-dolgulu-gri-notluk\/","title":{"rendered":"Kay\u0131go Cactus Lavanta Dolgulu Gri Notluk"},"content":{"rendered":"<p><strong>Kay\u0131go Cactus Lavanta Dolgulu Notluk<\/strong><\/p>\n<p>n<br \/>\nn<\/p>\n<p>&nbsp;<\/p>\n<p>n<br \/>\nn<\/p>\n<p>Notlar\u0131n\u0131z\u0131 hat\u0131rlaman\u0131n en sa\u011fl\u0131kl\u0131 yolu. Antiviral ve sakinle\u015ftirici lavanta kokusunu yo\u011funla\u015ft\u0131rmak i&ccedil;in, kakt&uuml;s&uuml;n&uuml;z&uuml; s\u0131karak lavantalar\u0131 ezin.<\/p>\n<p>n<br \/>\nn<\/p>\n<p>Taze kurutulmu\u015f lavanta dolgulu pamuk kakt&uuml;s ve egzotik masif ah\u015fap.<br \/>\nn3 adet raptiye dahildir.<\/p>\n<p>n<br \/>\nn<\/p>\n<ul>\nn\t<\/p>\n<li>Dolgu : Yeni Sezon&nbsp;Hasat\u0131 Lavanta<\/li>\n<p>n\t<\/p>\n<li>Kuma\u015f: %100 Pamuk<\/li>\n<p>n\t<\/p>\n<li>Taban: Masif Ah\u015fap<\/li>\n<p>n\t<\/p>\n<li>Boy : 13 Cm<\/li>\n<p>n\t<\/p>\n<li>En: 6 Cm<\/li>\n<p>n\t<\/p>\n<li>Y&uuml;kseklik: 18 Cm<\/li>\n<p>n\t<\/p>\n<li>A\u011f\u0131rl\u0131k: 200 g<\/li>\n<p>n<\/ul>\n<p>n<br \/>\nn<\/p>\n<p>&nbsp;<\/p>\n<p>n<br \/>\nn<\/p>\n<p>&nbsp;<\/p>\n<p>n<\/p>\n","protected":false},"excerpt":{"rendered":"<p>Kay\u0131go Cactus Lavanta Dolgulu Gri Notluk&#8230;<br \/>\nn<br \/>\nnNotlar\u0131n\u0131z\u0131 hat\u0131rlaman\u0131n en sa\u011fl\u0131kl\u0131 yolu. Antiviral ve sakinle\u015ftirici lavanta kokusunu yo\u011funla\u015ft\u0131rmak i\u00e7in, kakt\u00fcs\u00fcn\u00fcz\u00fc s\u0131karak lavantalar\u0131 ezin.<br \/>\nn<br \/>\nnTaze kurutulmu\u015f lavanta dolgulu<br \/>\nnpamuk kakt\u00fcs ve lake boyal\u0131 masif ah\u015fap .<br \/>\nn<br \/>\nn3 adet raptiye dahildir.<br \/>\nn<br \/>\nnMalzeme:<br \/>\nn<br \/>\nnDolgu : 2020 Hasat\u0131 Lavanta<br \/>\nnKuma\u015f: %100 Pamuk<br \/>\nnTaban: Lake Boyal\u0131 Masif Ah\u015fap<br \/>\nn<br \/>\nnBoyut:<br \/>\nn<br \/>\nnBoy : 13 Cm<br \/>\nnEn: 6 Cm<br \/>\nnY\u00fckseklik: 18 Cm<\/p>\n","protected":false},"featured_media":960,"comment_status":"closed","ping_status":"open","template":"","meta":{"_acf_changed":false},"product_brand":[],"product_cat":[38,40],"product_tag":[],"class_list":{"0":"post-1118","1":"product","2":"type-product","3":"status-publish","4":"has-post-thumbnail","6":"product_cat-not-tutucu","7":"product_cat-warmy-sarilma-yastigi","8":"pa_marka-kayigo","10":"first","11":"instock","12":"purchasable","13":"product-type-simple"},"acf":[],"jetpack_sharing_enabled":true,"_links":{"self":[{"href":"https:\/\/kayigo.com.tr\/index.php\/wp-json\/wp\/v2\/product\/1118","targetHints":{"allow":["GET"]}}],"collection":[{"href":"https:\/\/kayigo.com.tr\/index.php\/wp-json\/wp\/v2\/product"}],"about":[{"href":"https:\/\/kayigo.com.tr\/index.php\/wp-json\/wp\/v2\/types\/product"}],"replies":[{"embeddable":true,"href":"https:\/\/kayigo.com.tr\/index.php\/wp-json\/wp\/v2\/comments?post=1118"}],"wp:featuredmedia":[{"embeddable":true,"href":"https:\/\/kayigo.com.tr\/index.php\/wp-json\/wp\/v2\/media\/960"}],"wp:attachment":[{"href":"https:\/\/kayigo.com.tr\/index.php\/wp-json\/wp\/v2\/media?parent=1118"}],"wp:term":[{"taxonomy":"product_brand","embeddable":true,"href":"https:\/\/kayigo.com.tr\/index.php\/wp-json\/wp\/v2\/product_brand?post=1118"},{"taxonomy":"product_cat","embeddable":true,"href":"https:\/\/kayigo.com.tr\/index.php\/wp-json\/wp\/v2\/product_cat?post=1118"},{"taxonomy":"product_tag","embeddable":true,"href":"https:\/\/kayigo.com.tr\/index.php\/wp-json\/wp\/v2\/product_tag?post=1118"}],"curies":[{"name":"wp","href":"https:\/\/api.w.org\/{rel}","templated":true}]}}