{"id":1176,"date":"2024-11-30T12:47:16","date_gmt":"2024-11-30T12:47:16","guid":{"rendered":"https:\/\/kayigo.com.tr\/index.php\/product\/kayigo-warmy-lavantali-ilik-sarilma-yastigi-ordek\/"},"modified":"2026-04-03T17:58:24","modified_gmt":"2026-04-03T17:58:24","slug":"kayigo-warmy-lavantali-ilik-sarilma-yastigi-ordek","status":"publish","type":"product","link":"https:\/\/kayigo.com.tr\/index.php\/product\/kayigo-warmy-lavantali-ilik-sarilma-yastigi-ordek\/","title":{"rendered":"Kayigo Warmy Lavantal\u0131 Il\u0131k Sar\u0131lma Yast\u0131\u011f\u0131- \u00d6rdek"},"content":{"rendered":"<p>&nbsp;<\/p>\n<div class=\"wp-video\" style=\"width: 1140px\">\n<video autoplay=\"1\" class=\"wp-video-shortcode\" controls=\"controls\" height=\"641\" id=\"video-0-2\" preload=\"auto\" width=\"1140\"><a href=\"https:\/\/www.saygan.com.tr\/wp-content\/uploads\/2021\/10\/outputcompress-video-online.com_.mp4\">https:\/\/www.saygan.com.tr\/wp-content\/uploads\/2021\/10\/outputcompress-video-online.com_.mp4<\/a><\/video>\n<\/div>\n<p>&nbsp;<\/p>\n<p>So\u011fuk g&uuml;nlerde s\u0131cac\u0131k bir kucaklama, stresli g&uuml;nlerin sonunda gerginli\u011finizi azaltma, a\u011fr\u0131lar\u0131 dindirme, aromaterapi etkisi ile keyifli anlar ya\u015fay\u0131n diye Kayigo Warmy Hugging Pillow yan\u0131n\u0131zda.<\/p>\n<p>Boy :74 cm En :15 cm D\u0131\u015f K\u0131l\u0131f : %100 Pamuklu kuma\u015f<\/p>\n<p>Dolgu : Do\u011fal bu\u011fday ve lavanta &ccedil;i&ccedil;ekleri<\/p>\n<p>Kullan\u0131m Talimat\u0131 : Mikrodalgada 750\/1000 Watt 1 Dakika F\u0131r\u0131nda 100 C 15 Dakika<\/p>\n<p>&nbsp;<\/p>\n","protected":false},"excerpt":{"rendered":"<p>&nbsp; https:\/\/www.saygan.com.tr\/wp-content\/uploads\/2021\/10\/outputcompress-video-online.com_.mp4 &nbsp; So\u011fuk g&uuml;nlerde s\u0131cac\u0131k bir kucaklama, stresli g&uuml;nlerin sonunda gerginli\u011finizi azaltma, a\u011fr\u0131lar\u0131 dindirme, aromaterapi etkisi ile keyifli anlar ya\u015fay\u0131n diye Kayigo Warmy Hugging Pillow yan\u0131n\u0131zda. Boy :74 cm En :15 cm D\u0131\u015f K\u0131l\u0131f : %100 Pamuklu kuma\u015f Dolgu : Do\u011fal bu\u011fday ve lavanta &ccedil;i&ccedil;ekleri Kullan\u0131m Talimat\u0131 : Mikrodalgada 750\/1000 Watt 1 Dakika F\u0131r\u0131nda [&hellip;]<\/p>\n","protected":false},"featured_media":1178,"comment_status":"closed","ping_status":"open","template":"","meta":{"_acf_changed":false},"product_brand":[],"product_cat":[40],"product_tag":[],"class_list":{"0":"post-1176","1":"product","2":"type-product","3":"status-publish","4":"has-post-thumbnail","6":"product_cat-warmy-sarilma-yastigi","8":"first","9":"instock","10":"purchasable","11":"product-type-simple"},"acf":[],"jetpack_sharing_enabled":true,"_links":{"self":[{"href":"https:\/\/kayigo.com.tr\/index.php\/wp-json\/wp\/v2\/product\/1176","targetHints":{"allow":["GET"]}}],"collection":[{"href":"https:\/\/kayigo.com.tr\/index.php\/wp-json\/wp\/v2\/product"}],"about":[{"href":"https:\/\/kayigo.com.tr\/index.php\/wp-json\/wp\/v2\/types\/product"}],"replies":[{"embeddable":true,"href":"https:\/\/kayigo.com.tr\/index.php\/wp-json\/wp\/v2\/comments?post=1176"}],"wp:featuredmedia":[{"embeddable":true,"href":"https:\/\/kayigo.com.tr\/index.php\/wp-json\/wp\/v2\/media\/1178"}],"wp:attachment":[{"href":"https:\/\/kayigo.com.tr\/index.php\/wp-json\/wp\/v2\/media?parent=1176"}],"wp:term":[{"taxonomy":"product_brand","embeddable":true,"href":"https:\/\/kayigo.com.tr\/index.php\/wp-json\/wp\/v2\/product_brand?post=1176"},{"taxonomy":"product_cat","embeddable":true,"href":"https:\/\/kayigo.com.tr\/index.php\/wp-json\/wp\/v2\/product_cat?post=1176"},{"taxonomy":"product_tag","embeddable":true,"href":"https:\/\/kayigo.com.tr\/index.php\/wp-json\/wp\/v2\/product_tag?post=1176"}],"curies":[{"name":"wp","href":"https:\/\/api.w.org\/{rel}","templated":true}]}}