{"id":1194,"date":"2024-11-30T12:47:16","date_gmt":"2024-11-30T12:47:16","guid":{"rendered":"https:\/\/kayigo.com.tr\/index.php\/product\/kayigo-cooly-goz-yastigi-benekli\/"},"modified":"2026-04-03T14:41:47","modified_gmt":"2026-04-03T14:41:47","slug":"kayigo-cooly-goz-yastigi-benekli","status":"publish","type":"product","link":"https:\/\/kayigo.com.tr\/index.php\/product\/kayigo-cooly-goz-yastigi-benekli\/","title":{"rendered":"Kayigo Cooly G\u00f6z  Yast\u0131\u011f\u0131 Benekli"},"content":{"rendered":"<p>&nbsp;<\/p>\n<p>Cooly bu\u011fday ve lavanta g&ouml;z yast\u0131\u011f\u0131 g&ouml;zleriniz i&ccedil;in rahatlat\u0131c\u0131 ve yat\u0131\u015ft\u0131r\u0131c\u0131 so\u011fuk etki&#8230;<\/p>\n<p>&nbsp;<\/p>\n<p>&Ouml;zellikler;<\/p>\n<p>Stresli g&uuml;nlerinizin sonunda ba\u015f a\u011fr\u0131lar\u0131n\u0131z\u0131 hafifletmek, dinlenmek ve rahatlamak istedi\u011finiz her an Kayigo Cooly G&ouml;z Yast\u0131\u011f\u0131 yan\u0131n\u0131zda. Lavanta kokusu sizi ba\u015fka diyarlara g&ouml;t&uuml;r&uuml;rken aromaterapi etkisi ile huzurlu ruh haline ula\u015fman\u0131za yard\u0131mc\u0131 olacak, lavantan\u0131n yap\u0131s\u0131nda bulunan &ouml;zel sedatif maddeler sayesinde evinizde wellness keyfini ya\u015fayacaks\u0131n\u0131z.<br \/>\nG&ouml;z kapaklar\u0131n\u0131z\u0131n \u015fi\u015fmesini ve g&ouml;z alt\u0131 torbalar\u0131n\u0131n olu\u015fmas\u0131n\u0131 engellemek i&ccedil;in buzdolab\u0131nda so\u011futarak kullan\u0131n.<br \/>\nAnti aging, anti alerjik, anti statik, anti bakteriyel ve klimatik &ouml;zelliklere sahip vegan ipek kuma\u015f\u0131yla cildinize yaz\u0131n serin k\u0131\u015f\u0131n \u0131l\u0131k dokunu\u015f sa\u011flayacak.<\/p>\n<p>D\u0131\u015f K\u0131l\u0131f: %100 Vegan \u0130pek Cupro<br \/>\nDolgu : Do\u011fal bu\u011fday ve lavanta &ccedil;i&ccedil;ekleri<\/p>\n<p>En: 8 cm<br \/>\nBoy18 cm<\/p>\n<p>&nbsp;<\/p>\n","protected":false},"excerpt":{"rendered":"<p>&nbsp; Cooly bu\u011fday ve lavanta g&ouml;z yast\u0131\u011f\u0131 g&ouml;zleriniz i&ccedil;in rahatlat\u0131c\u0131 ve yat\u0131\u015ft\u0131r\u0131c\u0131 so\u011fuk etki&#8230; &nbsp; &Ouml;zellikler; Stresli g&uuml;nlerinizin sonunda ba\u015f a\u011fr\u0131lar\u0131n\u0131z\u0131 hafifletmek, dinlenmek ve rahatlamak istedi\u011finiz her an Kayigo Cooly G&ouml;z Yast\u0131\u011f\u0131 yan\u0131n\u0131zda. Lavanta kokusu sizi ba\u015fka diyarlara g&ouml;t&uuml;r&uuml;rken aromaterapi etkisi ile huzurlu ruh haline ula\u015fman\u0131za yard\u0131mc\u0131 olacak, lavantan\u0131n yap\u0131s\u0131nda bulunan &ouml;zel sedatif maddeler sayesinde [&hellip;]<\/p>\n","protected":false},"featured_media":1195,"comment_status":"closed","ping_status":"open","template":"","meta":{"_acf_changed":false},"product_brand":[],"product_cat":[41],"product_tag":[],"class_list":{"0":"post-1194","1":"product","2":"type-product","3":"status-publish","4":"has-post-thumbnail","6":"product_cat-cooly-goz-yastigi","8":"first","9":"instock","10":"purchasable","11":"product-type-simple"},"acf":[],"jetpack_sharing_enabled":true,"_links":{"self":[{"href":"https:\/\/kayigo.com.tr\/index.php\/wp-json\/wp\/v2\/product\/1194","targetHints":{"allow":["GET"]}}],"collection":[{"href":"https:\/\/kayigo.com.tr\/index.php\/wp-json\/wp\/v2\/product"}],"about":[{"href":"https:\/\/kayigo.com.tr\/index.php\/wp-json\/wp\/v2\/types\/product"}],"replies":[{"embeddable":true,"href":"https:\/\/kayigo.com.tr\/index.php\/wp-json\/wp\/v2\/comments?post=1194"}],"wp:featuredmedia":[{"embeddable":true,"href":"https:\/\/kayigo.com.tr\/index.php\/wp-json\/wp\/v2\/media\/1195"}],"wp:attachment":[{"href":"https:\/\/kayigo.com.tr\/index.php\/wp-json\/wp\/v2\/media?parent=1194"}],"wp:term":[{"taxonomy":"product_brand","embeddable":true,"href":"https:\/\/kayigo.com.tr\/index.php\/wp-json\/wp\/v2\/product_brand?post=1194"},{"taxonomy":"product_cat","embeddable":true,"href":"https:\/\/kayigo.com.tr\/index.php\/wp-json\/wp\/v2\/product_cat?post=1194"},{"taxonomy":"product_tag","embeddable":true,"href":"https:\/\/kayigo.com.tr\/index.php\/wp-json\/wp\/v2\/product_tag?post=1194"}],"curies":[{"name":"wp","href":"https:\/\/api.w.org\/{rel}","templated":true}]}}