{"id":1211,"date":"2024-11-30T12:47:16","date_gmt":"2024-11-30T12:47:16","guid":{"rendered":"https:\/\/kayigo.com.tr\/index.php\/product\/kayigo-pouchy-bozuk-para-cuzdani-siyah\/"},"modified":"2026-04-03T14:39:48","modified_gmt":"2026-04-03T14:39:48","slug":"kayigo-pouchy-bozuk-para-cuzdani-siyah","status":"publish","type":"product","link":"https:\/\/kayigo.com.tr\/index.php\/product\/kayigo-pouchy-bozuk-para-cuzdani-siyah\/","title":{"rendered":"Kayigo Pouchy Bozuk Para C\u00fczdan\u0131 Siyah"},"content":{"rendered":"<p>&nbsp;<\/p>\n<p>Tak\u0131lar\u0131n\u0131z\u0131, bozuk paralar\u0131n\u0131z\u0131 kolayca bulman\u0131z\u0131 sa\u011flayan pratik ge&ccedil;irmeli kapa\u011fa sahip, bask\u0131l\u0131 bozuk para c&uuml;zdan\u0131&hellip;<\/p>\n<p>&nbsp;<\/p>\n<p>&Ouml;zellikler;<\/p>\n<p>Malzeme: Ger&ccedil;ek Deri<br \/>\nBoya: Do\u011fal Boya<br \/>\n\u0130\u015flem: Bitkisel Tabaklama<\/p>\n<p>Boyut: 6,5x7x2 cm<\/p>\n<p>Pouchy bozuk para c&uuml;zdan\u0131 el i\u015f&ccedil;ili\u011fi ile yap\u0131lm\u0131\u015f olup, i&ccedil;indeki g&ouml;z&uuml; sayesinde paran\u0131z\u0131 ve tak\u0131n\u0131z\u0131 g&uuml;venle ta\u015f\u0131man\u0131z\u0131 sa\u011flar. &Ccedil;anta i&ccedil;inde, cepte rahat&ccedil;a ta\u015f\u0131nabilir.<\/p>\n<p>&nbsp;<\/p>\n","protected":false},"excerpt":{"rendered":"<p>&nbsp; Tak\u0131lar\u0131n\u0131z\u0131, bozuk paralar\u0131n\u0131z\u0131 kolayca bulman\u0131z\u0131 sa\u011flayan pratik ge&ccedil;irmeli kapa\u011fa sahip, bask\u0131l\u0131 bozuk para c&uuml;zdan\u0131&hellip; &nbsp; &Ouml;zellikler; Malzeme: Ger&ccedil;ek Deri Boya: Do\u011fal Boya \u0130\u015flem: Bitkisel Tabaklama Boyut: 6,5x7x2 cm Pouchy bozuk para c&uuml;zdan\u0131 el i\u015f&ccedil;ili\u011fi ile yap\u0131lm\u0131\u015f olup, i&ccedil;indeki g&ouml;z&uuml; sayesinde paran\u0131z\u0131 ve tak\u0131n\u0131z\u0131 g&uuml;venle ta\u015f\u0131man\u0131z\u0131 sa\u011flar. &Ccedil;anta i&ccedil;inde, cepte rahat&ccedil;a ta\u015f\u0131nabilir. &nbsp;<\/p>\n","protected":false},"featured_media":1212,"comment_status":"closed","ping_status":"open","template":"","meta":{"_acf_changed":false},"product_brand":[],"product_cat":[],"product_tag":[],"class_list":{"0":"post-1211","1":"product","2":"type-product","3":"status-publish","4":"has-post-thumbnail","7":"first","8":"instock","9":"purchasable","10":"product-type-simple"},"acf":[],"jetpack_sharing_enabled":true,"_links":{"self":[{"href":"https:\/\/kayigo.com.tr\/index.php\/wp-json\/wp\/v2\/product\/1211","targetHints":{"allow":["GET"]}}],"collection":[{"href":"https:\/\/kayigo.com.tr\/index.php\/wp-json\/wp\/v2\/product"}],"about":[{"href":"https:\/\/kayigo.com.tr\/index.php\/wp-json\/wp\/v2\/types\/product"}],"replies":[{"embeddable":true,"href":"https:\/\/kayigo.com.tr\/index.php\/wp-json\/wp\/v2\/comments?post=1211"}],"wp:featuredmedia":[{"embeddable":true,"href":"https:\/\/kayigo.com.tr\/index.php\/wp-json\/wp\/v2\/media\/1212"}],"wp:attachment":[{"href":"https:\/\/kayigo.com.tr\/index.php\/wp-json\/wp\/v2\/media?parent=1211"}],"wp:term":[{"taxonomy":"product_brand","embeddable":true,"href":"https:\/\/kayigo.com.tr\/index.php\/wp-json\/wp\/v2\/product_brand?post=1211"},{"taxonomy":"product_cat","embeddable":true,"href":"https:\/\/kayigo.com.tr\/index.php\/wp-json\/wp\/v2\/product_cat?post=1211"},{"taxonomy":"product_tag","embeddable":true,"href":"https:\/\/kayigo.com.tr\/index.php\/wp-json\/wp\/v2\/product_tag?post=1211"}],"curies":[{"name":"wp","href":"https:\/\/api.w.org\/{rel}","templated":true}]}}