{"id":1337,"date":"2024-11-30T13:20:02","date_gmt":"2024-11-30T13:20:02","guid":{"rendered":"https:\/\/kayigo.com.tr\/index.php\/product\/kayigo-woody-uclu-ofis-seti-acik-kahverengi-bej-kaktus\/"},"modified":"2026-04-03T14:18:05","modified_gmt":"2024-12-02T14:38:34","slug":"kayigo-woody-uclu-ofis-seti-acik-kahverengi-bej-kaktus","status":"publish","type":"product","link":"https:\/\/kayigo.com.tr\/index.php\/product\/kayigo-woody-uclu-ofis-seti-acik-kahverengi-bej-kaktus\/","title":{"rendered":"Kayigo Woody \u00dc\u00e7l\u00fc Ofis Seti A\u00e7\u0131k Kahverengi- Bej Kakt\u00fcs"},"content":{"rendered":"<p><\/p>\n<p>\u00c7al\u0131\u015fma masalar\u0131n\u0131n \u00fcst\u00fcnde biriken e\u015fyalar\u0131 s\u00fcrekli aramaktan kurtaracak \u00f6zel tasar\u0131m ah\u015fap organizerler sizi da\u011f\u0131n\u0131kl\u0131k ve karma\u015fadan uzakla\u015ft\u0131rarak her \u015feyi rahat\u00e7a bulman\u0131z\u0131 sa\u011flayacak. Ofisinizin havas\u0131n\u0131 de\u011fi\u015ftiren ayn\u0131 zamanda i\u015f yerleri i\u00e7in kullan\u0131\u015fl\u0131 bir hediye olan Kayigo Woody \u00dc\u00e7l\u00fc Set masa \u00fcst\u00fc organizer fonksiyonelli\u011fi \u00f6ne \u00e7\u0131karman\u0131z i\u00e7in harika bir tercih olacakt\u0131r.<\/p>\n<p>n<\/p>\n<p>Bir adet kalemlik ve organizer ve kakt\u00fcs notluk beraber gelmektedir. Ah\u015fap do\u011fal bir malzeme olmas\u0131 sebebiyle desen, renk farkl\u0131l\u0131klar\u0131 g\u00f6sterebilmektedir.<\/p>\n<p>n<\/p>\n<p>Kalemlik<br \/>nBoy : 23,5Cm<br \/>nEn: 7,5 cm<br \/>nY\u00fckseklik: 3 Cm<br \/>nOrganizer<br \/>nBoy : 16 Cm<br \/>nEn: 7,5 Cm<br \/>nY\u00fckseklik: 3 Cm<br \/>nKakt\u00fcs Notluk<br \/>nBoy : 13 Cm<br \/>nEn: 6 Cm<br \/>nY\u00fckseklik: 18 Cm<\/p>\n<p>n<\/p>\n","protected":false},"excerpt":{"rendered":"<p>\u00c7al\u0131\u015fma masalar\u0131n\u0131n \u00fcst\u00fcnde biriken e\u015fyalar\u0131 s\u00fcrekli aramaktan kurtaracak \u00f6zel tasar\u0131m ah\u015fap organizerler sizi da\u011f\u0131n\u0131kl\u0131k ve karma\u015fadan uzakla\u015ft\u0131rarak her \u015feyi rahat\u00e7a bulman\u0131z\u0131 sa\u011flayacak. Ofisinizin havas\u0131n\u0131 de\u011fi\u015ftiren ayn\u0131 zamanda i\u015f yerleri i\u00e7in kullan\u0131\u015fl\u0131 bir hediye olan Kayigo Woody \u00dc\u00e7l\u00fc Set masa \u00fcst\u00fc organizer fonksiyonelli\u011fi \u00f6ne \u00e7\u0131karman\u0131z i\u00e7in harika bir tercih olacakt\u0131r. n Bir adet kalemlik ve organizer [&hellip;]<\/p>\n","protected":false},"featured_media":1310,"comment_status":"closed","ping_status":"open","template":"","meta":{"_acf_changed":false},"product_brand":[],"product_cat":[44],"product_tag":[],"class_list":{"0":"post-1337","1":"product","2":"type-product","3":"status-publish","4":"has-post-thumbnail","6":"product_cat-ofis","8":"first","9":"instock","10":"purchasable","11":"product-type-simple"},"acf":[],"jetpack_sharing_enabled":true,"_links":{"self":[{"href":"https:\/\/kayigo.com.tr\/index.php\/wp-json\/wp\/v2\/product\/1337","targetHints":{"allow":["GET"]}}],"collection":[{"href":"https:\/\/kayigo.com.tr\/index.php\/wp-json\/wp\/v2\/product"}],"about":[{"href":"https:\/\/kayigo.com.tr\/index.php\/wp-json\/wp\/v2\/types\/product"}],"replies":[{"embeddable":true,"href":"https:\/\/kayigo.com.tr\/index.php\/wp-json\/wp\/v2\/comments?post=1337"}],"wp:featuredmedia":[{"embeddable":true,"href":"https:\/\/kayigo.com.tr\/index.php\/wp-json\/wp\/v2\/media\/1310"}],"wp:attachment":[{"href":"https:\/\/kayigo.com.tr\/index.php\/wp-json\/wp\/v2\/media?parent=1337"}],"wp:term":[{"taxonomy":"product_brand","embeddable":true,"href":"https:\/\/kayigo.com.tr\/index.php\/wp-json\/wp\/v2\/product_brand?post=1337"},{"taxonomy":"product_cat","embeddable":true,"href":"https:\/\/kayigo.com.tr\/index.php\/wp-json\/wp\/v2\/product_cat?post=1337"},{"taxonomy":"product_tag","embeddable":true,"href":"https:\/\/kayigo.com.tr\/index.php\/wp-json\/wp\/v2\/product_tag?post=1337"}],"curies":[{"name":"wp","href":"https:\/\/api.w.org\/{rel}","templated":true}]}}