{"id":1354,"date":"2024-11-30T13:20:10","date_gmt":"2024-11-30T13:20:10","guid":{"rendered":"https:\/\/kayigo.com.tr\/index.php\/product\/kayigo-lavanta-dolgulu-yesil-cam-notluk\/"},"modified":"2026-04-03T14:18:05","modified_gmt":"2024-11-30T15:26:36","slug":"kayigo-lavanta-dolgulu-yesil-cam-notluk","status":"publish","type":"product","link":"https:\/\/kayigo.com.tr\/index.php\/product\/kayigo-lavanta-dolgulu-yesil-cam-notluk\/","title":{"rendered":"Kayigo Lavanta Dolgulu Ye\u015fil \u00c7am Notluk"},"content":{"rendered":"<p>&nbsp;<\/p>\n<p>n<br \/>\nn<\/p>\n<p>Kayigo Lavanta Dolgulu Ye\u015fil &Ccedil;am Notluk&#8230; Notlar\u0131n\u0131z\u0131 hat\u0131rlaman\u0131n en sa\u011fl\u0131kl\u0131 yolu. Antiviral ve sakinle\u015ftirici lavanta kokusunu yo\u011funla\u015ft\u0131rmak i&ccedil;in, &ccedil;am a\u011fac\u0131n\u0131z\u0131 s\u0131karak lavantalar\u0131 ezin.<\/p>\n<p>n<br \/>\nn<\/p>\n<p>&nbsp;<\/p>\n<p>n<br \/>\nn<\/p>\n<p>Taze kurutulmu\u015f lavanta dolgulu pamuk kuma\u015f ve egzotik masif ah\u015fap.<br \/>\nn3 adet raptiye dahildir.<\/p>\n<p>n<br \/>\nn<\/p>\n<p>Dolgu : Yeni Sezon Lavanta Hasat\u0131<br \/>\nnKuma\u015f: %100 Pamuk<br \/>\nnTaban: Gri Lake Cila<\/p>\n<p>n<br \/>\nn<\/p>\n<p>Boy : 19 Cm<br \/>\nnEn: 13 Cm<br \/>\nnY&uuml;kseklik: 6 Cm<\/p>\n<p>n<br \/>\nn<\/p>\n<p>A\u011f\u0131rl\u0131k: 173 gr<\/p>\n<p>n<br \/>\nn<\/p>\n<p>&nbsp;<\/p>\n<p>n<\/p>\n","protected":false},"excerpt":{"rendered":"<p>Kayigo Lavanta Dolgulu Ye\u015fil \u00c7am Notluk&#8230; Notlar\u0131n\u0131z\u0131 hat\u0131rlaman\u0131n en sa\u011fl\u0131kl\u0131 yolu. Antiviral ve sakinle\u015ftirici lavanta kokusunu yo\u011funla\u015ft\u0131rmak i\u00e7in, \u00e7am a\u011fac\u0131n\u0131z\u0131 s\u0131karak lavantalar\u0131 ezin.<\/p>\n","protected":false},"featured_media":1355,"comment_status":"closed","ping_status":"open","template":"","meta":{"_acf_changed":false},"product_brand":[],"product_cat":[],"product_tag":[],"class_list":{"0":"post-1354","1":"product","2":"type-product","3":"status-publish","4":"has-post-thumbnail","7":"first","8":"instock","9":"purchasable","10":"product-type-simple"},"acf":[],"jetpack_sharing_enabled":true,"_links":{"self":[{"href":"https:\/\/kayigo.com.tr\/index.php\/wp-json\/wp\/v2\/product\/1354","targetHints":{"allow":["GET"]}}],"collection":[{"href":"https:\/\/kayigo.com.tr\/index.php\/wp-json\/wp\/v2\/product"}],"about":[{"href":"https:\/\/kayigo.com.tr\/index.php\/wp-json\/wp\/v2\/types\/product"}],"replies":[{"embeddable":true,"href":"https:\/\/kayigo.com.tr\/index.php\/wp-json\/wp\/v2\/comments?post=1354"}],"wp:featuredmedia":[{"embeddable":true,"href":"https:\/\/kayigo.com.tr\/index.php\/wp-json\/wp\/v2\/media\/1355"}],"wp:attachment":[{"href":"https:\/\/kayigo.com.tr\/index.php\/wp-json\/wp\/v2\/media?parent=1354"}],"wp:term":[{"taxonomy":"product_brand","embeddable":true,"href":"https:\/\/kayigo.com.tr\/index.php\/wp-json\/wp\/v2\/product_brand?post=1354"},{"taxonomy":"product_cat","embeddable":true,"href":"https:\/\/kayigo.com.tr\/index.php\/wp-json\/wp\/v2\/product_cat?post=1354"},{"taxonomy":"product_tag","embeddable":true,"href":"https:\/\/kayigo.com.tr\/index.php\/wp-json\/wp\/v2\/product_tag?post=1354"}],"curies":[{"name":"wp","href":"https:\/\/api.w.org\/{rel}","templated":true}]}}