{"id":1391,"date":"2024-11-30T13:20:10","date_gmt":"2024-11-30T13:20:10","guid":{"rendered":"https:\/\/kayigo.com.tr\/index.php\/product\/kayigo-woody-sari-ladin-uclu-set-iroko-agaci\/"},"modified":"2026-04-03T13:53:42","modified_gmt":"2026-04-03T13:53:42","slug":"kayigo-woody-sari-ladin-uclu-set-iroko-agaci","status":"publish","type":"product","link":"https:\/\/kayigo.com.tr\/index.php\/product\/kayigo-woody-sari-ladin-uclu-set-iroko-agaci\/","title":{"rendered":"Kayigo Woody Sar\u0131 Ladin \u00dc\u00e7l\u00fc Set &#8211; \u0130roko A\u011fac\u0131"},"content":{"rendered":"<p>&nbsp;<\/p>\n<p>&Ccedil;al\u0131\u015fma masalar\u0131n\u0131n &uuml;st&uuml;nde biriken e\u015fyalar\u0131 s&uuml;rekli aramaktan kurtaracak &ouml;zel tasar\u0131m ah\u015fap organizerler sizi da\u011f\u0131n\u0131kl\u0131k ve karma\u015fadan uzakla\u015ft\u0131rarak her \u015feyi rahat&ccedil;a bulman\u0131z\u0131 sa\u011flayacak.<br \/>\nLavanta Dolgulu Notlu\u011fu, notlar\u0131n\u0131z\u0131 sa\u011fl\u0131kl\u0131 ve e\u011flenceli \u015fekilde hat\u0131rlatacak. Antiviral ve sakinle\u015ftirici lavanta kokusunu yo\u011funla\u015ft\u0131rmak i&ccedil;in, a\u011fac\u0131n\u0131z\u0131 s\u0131karak lavantalar\u0131 ezin. Ofisinizin havas\u0131n\u0131 de\u011fi\u015ftiren ayn\u0131 zamanda i\u015f yerleri i&ccedil;in kullan\u0131\u015fl\u0131 bir hediye olan Kayigo Woody Sar\u0131 Ladin &Uuml;&ccedil;l&uuml; Set masa &uuml;st&uuml; organizer fonksiyonelli\u011fi &ouml;ne &ccedil;\u0131karman\u0131z i&ccedil;in harika bir tercih olacakt\u0131r.<\/p>\n<p>&nbsp;<\/p>\n<p>Bir adet kalemlik ve organizer ve a\u011fa&ccedil; notluk beraber gelmektedir. Ah\u015fap do\u011fal bir malzeme olmas\u0131 sebebiyle desen ve renk farkl\u0131l\u0131klar\u0131 g&ouml;sterebilir.<\/p>\n<p>\u0130roko A\u011fac\u0131<\/p>\n<p>Kalemlik<br \/>\nBoy : 23,5Cm<br \/>\nEn: 7,5 cm<br \/>\nY&uuml;kseklik: 3 Cm<br \/>\nOrganizer<br \/>\nBoy : 16 Cm<br \/>\nEn: 7,5 Cm<br \/>\nY&uuml;kseklik: 3 Cm<br \/>\nLadin A\u011fa&ccedil; Notluk<br \/>\nBoy : 20 cm<br \/>\nEn: 8 cm<br \/>\nY&uuml;kseklik: 6,5 cm<\/p>\n<p>&nbsp;<\/p>\n","protected":false},"excerpt":{"rendered":"<p>\u00c7al\u0131\u015fma masalar\u0131n\u0131n \u00fcst\u00fcnde biriken e\u015fyalar\u0131 s\u00fcrekli aramaktan kurtaracak \u00f6zel tasar\u0131m ah\u015fap organizerler sizi da\u011f\u0131n\u0131kl\u0131k ve karma\u015fadan uzakla\u015ft\u0131rarak her \u015feyi rahat\u00e7a bulman\u0131z\u0131 sa\u011flayacak.<br \/>\nnLavanta Dolgulu Notlu\u011fu, notlar\u0131n\u0131z\u0131 sa\u011fl\u0131kl\u0131 ve e\u011flenceli \u015fekilde hat\u0131rlatacak. Antiviral ve sakinle\u015ftirici lavanta kokusunu yo\u011funla\u015ft\u0131rmak i\u00e7in, a\u011fac\u0131n\u0131z\u0131 s\u0131karak lavantalar\u0131 ezin.<\/p>\n","protected":false},"featured_media":1392,"comment_status":"closed","ping_status":"open","template":"","meta":{"_acf_changed":false},"product_brand":[],"product_cat":[44],"product_tag":[],"class_list":{"0":"post-1391","1":"product","2":"type-product","3":"status-publish","4":"has-post-thumbnail","6":"product_cat-ofis","8":"first","9":"instock","10":"purchasable","11":"product-type-simple"},"acf":[],"jetpack_sharing_enabled":true,"_links":{"self":[{"href":"https:\/\/kayigo.com.tr\/index.php\/wp-json\/wp\/v2\/product\/1391","targetHints":{"allow":["GET"]}}],"collection":[{"href":"https:\/\/kayigo.com.tr\/index.php\/wp-json\/wp\/v2\/product"}],"about":[{"href":"https:\/\/kayigo.com.tr\/index.php\/wp-json\/wp\/v2\/types\/product"}],"replies":[{"embeddable":true,"href":"https:\/\/kayigo.com.tr\/index.php\/wp-json\/wp\/v2\/comments?post=1391"}],"wp:featuredmedia":[{"embeddable":true,"href":"https:\/\/kayigo.com.tr\/index.php\/wp-json\/wp\/v2\/media\/1392"}],"wp:attachment":[{"href":"https:\/\/kayigo.com.tr\/index.php\/wp-json\/wp\/v2\/media?parent=1391"}],"wp:term":[{"taxonomy":"product_brand","embeddable":true,"href":"https:\/\/kayigo.com.tr\/index.php\/wp-json\/wp\/v2\/product_brand?post=1391"},{"taxonomy":"product_cat","embeddable":true,"href":"https:\/\/kayigo.com.tr\/index.php\/wp-json\/wp\/v2\/product_cat?post=1391"},{"taxonomy":"product_tag","embeddable":true,"href":"https:\/\/kayigo.com.tr\/index.php\/wp-json\/wp\/v2\/product_tag?post=1391"}],"curies":[{"name":"wp","href":"https:\/\/api.w.org\/{rel}","templated":true}]}}