{"id":1421,"date":"2024-11-30T13:28:55","date_gmt":"2024-11-30T13:28:55","guid":{"rendered":"https:\/\/kayigo.com.tr\/index.php\/product\/kayigo-woody-yesil-selvi-uclu-set-iroko-agaci\/"},"modified":"2026-04-03T13:56:33","modified_gmt":"2026-04-03T13:56:33","slug":"kayigo-woody-yesil-selvi-uclu-set-iroko-agaci","status":"publish","type":"product","link":"https:\/\/kayigo.com.tr\/index.php\/product\/kayigo-woody-yesil-selvi-uclu-set-iroko-agaci\/","title":{"rendered":"Kayigo Woody Ye\u015fil Selvi \u00dc\u00e7l\u00fc Set &#8211; \u0130roko A\u011fac\u0131"},"content":{"rendered":"<p>&nbsp;<\/p>\n<p>&Ccedil;al\u0131\u015fma masalar\u0131n\u0131n &uuml;st&uuml;nde biriken e\u015fyalar\u0131 s&uuml;rekli aramaktan kurtaracak &ouml;zel tasar\u0131m ah\u015fap organizerler sizi da\u011f\u0131n\u0131kl\u0131k ve karma\u015fadan uzakla\u015ft\u0131rarak her \u015feyi rahat&ccedil;a bulman\u0131z\u0131 sa\u011flayacak.<br \/>\nLavanta Dolgulu Notlu\u011fu, notlar\u0131n\u0131z\u0131 sa\u011fl\u0131kl\u0131 ve e\u011flenceli \u015fekilde hat\u0131rlatacak. Antiviral ve sakinle\u015ftirici lavanta kokusunu yo\u011funla\u015ft\u0131rmak i&ccedil;in, a\u011fac\u0131n\u0131z\u0131 s\u0131karak lavantalar\u0131 ezin. Ofisinizin havas\u0131n\u0131 de\u011fi\u015ftiren ayn\u0131 zamanda i\u015f yerleri i&ccedil;in kullan\u0131\u015fl\u0131 bir hediye olan Kayigo Woody Ye\u015fil Selvi &Uuml;&ccedil;l&uuml; Set masa &uuml;st&uuml; organizer fonksiyonelli\u011fi &ouml;ne &ccedil;\u0131karman\u0131z i&ccedil;in harika bir tercih olacakt\u0131r.<\/p>\n<p>&nbsp;<\/p>\n<p>Bir adet kalemlik ve organizer ve a\u011fa&ccedil; notluk beraber gelmektedir. Ah\u015fap do\u011fal bir malzeme olmas\u0131 sebebiyle desen ve renk farkl\u0131l\u0131klar\u0131 g&ouml;sterebilir.<\/p>\n<p>&nbsp;<\/p>\n","protected":false},"excerpt":{"rendered":"<p>\u00c7al\u0131\u015fma masalar\u0131n\u0131n \u00fcst\u00fcnde biriken e\u015fyalar\u0131 s\u00fcrekli aramaktan kurtaracak \u00f6zel tasar\u0131m ah\u015fap organizerler sizi da\u011f\u0131n\u0131kl\u0131k ve karma\u015fadan uzakla\u015ft\u0131rarak her \u015feyi rahat\u00e7a bulman\u0131z\u0131 sa\u011flayacak.<br \/>\nnLavanta Dolgulu Notlu\u011fu, notlar\u0131n\u0131z\u0131 sa\u011fl\u0131kl\u0131 ve e\u011flenceli \u015fekilde hat\u0131rlatacak. Antiviral ve sakinle\u015ftirici lavanta kokusunu yo\u011funla\u015ft\u0131rmak i\u00e7in, a\u011fac\u0131n\u0131z\u0131 s\u0131karak lavantalar\u0131 ezin.<\/p>\n","protected":false},"featured_media":0,"comment_status":"closed","ping_status":"open","template":"","meta":{"_acf_changed":false},"product_brand":[],"product_cat":[44],"product_tag":[],"class_list":{"0":"post-1421","1":"product","2":"type-product","3":"status-publish","5":"product_cat-ofis","7":"first","8":"instock","9":"purchasable","10":"product-type-simple"},"acf":[],"jetpack_sharing_enabled":true,"_links":{"self":[{"href":"https:\/\/kayigo.com.tr\/index.php\/wp-json\/wp\/v2\/product\/1421","targetHints":{"allow":["GET"]}}],"collection":[{"href":"https:\/\/kayigo.com.tr\/index.php\/wp-json\/wp\/v2\/product"}],"about":[{"href":"https:\/\/kayigo.com.tr\/index.php\/wp-json\/wp\/v2\/types\/product"}],"replies":[{"embeddable":true,"href":"https:\/\/kayigo.com.tr\/index.php\/wp-json\/wp\/v2\/comments?post=1421"}],"wp:attachment":[{"href":"https:\/\/kayigo.com.tr\/index.php\/wp-json\/wp\/v2\/media?parent=1421"}],"wp:term":[{"taxonomy":"product_brand","embeddable":true,"href":"https:\/\/kayigo.com.tr\/index.php\/wp-json\/wp\/v2\/product_brand?post=1421"},{"taxonomy":"product_cat","embeddable":true,"href":"https:\/\/kayigo.com.tr\/index.php\/wp-json\/wp\/v2\/product_cat?post=1421"},{"taxonomy":"product_tag","embeddable":true,"href":"https:\/\/kayigo.com.tr\/index.php\/wp-json\/wp\/v2\/product_tag?post=1421"}],"curies":[{"name":"wp","href":"https:\/\/api.w.org\/{rel}","templated":true}]}}