{"id":1505,"date":"2024-11-30T14:20:01","date_gmt":"2024-11-30T14:20:01","guid":{"rendered":"https:\/\/kayigo.com.tr\/index.php\/product\/kayigo-krem-woody-yesil-poti-kareli-ladin-uclu-set\/"},"modified":"2026-04-03T14:18:05","modified_gmt":"2024-12-02T14:38:36","slug":"kayigo-krem-woody-yesil-poti-kareli-ladin-uclu-set","status":"publish","type":"product","link":"https:\/\/kayigo.com.tr\/index.php\/product\/kayigo-krem-woody-yesil-poti-kareli-ladin-uclu-set\/","title":{"rendered":"Kayigo  Krem Woody Ye\u015fil P\u00f6ti Kareli Ladin \u00dc\u00e7l\u00fc Set"},"content":{"rendered":"<p>&nbsp;<\/p>\n<p>n<br \/>\nn<\/p>\n<p><em><strong>&Ouml;ZELL\u0130KLER:<\/strong><\/em><\/p>\n<p>n<br \/>\nn<\/p>\n<p>&nbsp;<\/p>\n<p>n<br \/>\nn<\/p>\n<p>Bir adet kalemlik, hazne ve a\u011fa&ccedil; notluk beraber gelmektedir. 3 adet raptiye dahildir.<\/p>\n<p>n<br \/>\nn<\/p>\n<p><em><strong>&Ouml;L&Ccedil;&Uuml;:<\/strong><\/em><\/p>\n<p>n<br \/>\nn<\/p>\n<p><strong>KALEML\u0130K:<\/strong><br \/>\nnBoy : 23,5Cm<br \/>\nnEn: 7,5 cm<br \/>\nnY&uuml;kseklik: 3 Cm<br \/>\nn<strong>HAZNE:<\/strong><br \/>\nnBoy : 16 Cm<br \/>\nnEn: 7,5 Cm<br \/>\nnY&uuml;kseklik: 3 Cm<br \/>\nn<strong>LAD\u0130N A\u011eA&Ccedil; NOTLUK: <\/strong><br \/>\nnBoy : 20 cm<br \/>\nnEn: 8 cm<br \/>\nnY&uuml;kseklik: 6,5 cm<\/p>\n<p>n<br \/>\nn<\/p>\n<p><em><strong>MALZEME:<\/strong><\/em><\/p>\n<p>n<br \/>\nn<\/p>\n<p>Masif Ah\u015fap- Lake Cila<\/p>\n<p>n<br \/>\nn<\/p>\n<p>&nbsp;<\/p>\n<p>n<\/p>\n","protected":false},"excerpt":{"rendered":"<p>Masa\u00fcst\u00fcnde stil sahibi bir d\u00fczenleyici arayanlar i\u00e7in Kayigo Krem Woody Ye\u015fil P\u00f6ti Kareli Ladin \u00dc\u00e7l\u00fc Set!<br \/>\nnDo\u011fal malzemelerden \u00fcretilen bu set farkl\u0131 kalemlerinizi s\u0131ralamak i\u00e7in yatay bir kalemli\u011fe, k\u00fc\u00e7\u00fck e\u015fyalar\u0131n\u0131z\u0131 koyabilece\u011finiz hazneye ve lavanta dolgulu notlu\u011fa sahiptir.<br \/>\nnLavanta Dolgulu A\u011fa\u00e7, notlar\u0131n\u0131z\u0131 sa\u011fl\u0131kl\u0131 ve e\u011flenceli bir \u015fekilde hat\u0131rlatacak. Antiviral ve sakinle\u015ftirici lavanta kokusunu yo\u011funla\u015ft\u0131rmak i\u00e7in a\u011fac\u0131n\u0131z\u0131 s\u0131karak lavantalar\u0131 ezin.<br \/>\nnOfisinizin havas\u0131n\u0131 de\u011fi\u015ftirerek \u00e7al\u0131\u015fma hayat\u0131n\u0131z\u0131 renklendirecek olan bu set ayn\u0131 zamanda yeni i\u015fe ba\u015flayacak arkada\u015flar\u0131n\u0131z i\u00e7in de harika bir hediye olacakt\u0131r.<\/p>\n","protected":false},"featured_media":1506,"comment_status":"closed","ping_status":"open","template":"","meta":{"_acf_changed":false},"product_brand":[],"product_cat":[27,44],"product_tag":[],"class_list":{"0":"post-1505","1":"product","2":"type-product","3":"status-publish","4":"has-post-thumbnail","6":"product_cat-kayigo","7":"product_cat-ofis","9":"first","10":"instock","11":"purchasable","12":"product-type-simple"},"acf":[],"jetpack_sharing_enabled":true,"_links":{"self":[{"href":"https:\/\/kayigo.com.tr\/index.php\/wp-json\/wp\/v2\/product\/1505","targetHints":{"allow":["GET"]}}],"collection":[{"href":"https:\/\/kayigo.com.tr\/index.php\/wp-json\/wp\/v2\/product"}],"about":[{"href":"https:\/\/kayigo.com.tr\/index.php\/wp-json\/wp\/v2\/types\/product"}],"replies":[{"embeddable":true,"href":"https:\/\/kayigo.com.tr\/index.php\/wp-json\/wp\/v2\/comments?post=1505"}],"wp:featuredmedia":[{"embeddable":true,"href":"https:\/\/kayigo.com.tr\/index.php\/wp-json\/wp\/v2\/media\/1506"}],"wp:attachment":[{"href":"https:\/\/kayigo.com.tr\/index.php\/wp-json\/wp\/v2\/media?parent=1505"}],"wp:term":[{"taxonomy":"product_brand","embeddable":true,"href":"https:\/\/kayigo.com.tr\/index.php\/wp-json\/wp\/v2\/product_brand?post=1505"},{"taxonomy":"product_cat","embeddable":true,"href":"https:\/\/kayigo.com.tr\/index.php\/wp-json\/wp\/v2\/product_cat?post=1505"},{"taxonomy":"product_tag","embeddable":true,"href":"https:\/\/kayigo.com.tr\/index.php\/wp-json\/wp\/v2\/product_tag?post=1505"}],"curies":[{"name":"wp","href":"https:\/\/api.w.org\/{rel}","templated":true}]}}