{"id":1529,"date":"2024-11-30T14:20:01","date_gmt":"2024-11-30T14:20:01","guid":{"rendered":"https:\/\/kayigo.com.tr\/index.php\/product\/kayigo-siyah-woody-ikili-set\/"},"modified":"2026-04-03T14:11:25","modified_gmt":"2026-04-03T14:11:25","slug":"kayigo-siyah-woody-ikili-set","status":"publish","type":"product","link":"https:\/\/kayigo.com.tr\/index.php\/product\/kayigo-siyah-woody-ikili-set\/","title":{"rendered":"Kayigo Siyah Woody  \u0130kili Set"},"content":{"rendered":"<p>&nbsp;<\/p>\n<p>Masa&uuml;st&uuml;nde stil sahibi bir d&uuml;zenleyici arayanlar i&ccedil;in Kayigo Siyah Woody&nbsp;\u0130kili Set!<br \/>\nDo\u011fal malzemelerden &uuml;retilen bu set farkl\u0131 kalemlerinizi s\u0131ralamak i&ccedil;in yatay bir kalemli\u011fe, k&uuml;&ccedil;&uuml;k e\u015fyalar\u0131n\u0131z\u0131 koyabilece\u011finiz hazneye sahiptir.&nbsp;<br \/>\n&nbsp;Ofisinizin havas\u0131n\u0131 de\u011fi\u015ftirerek &nbsp;&ccedil;al\u0131\u015fma hayat\u0131n\u0131z\u0131 renklendirecek olan bu set ayn\u0131 zamanda yeni i\u015fe ba\u015flayacak arkada\u015flar\u0131n\u0131z &nbsp;i&ccedil;in de harika bir hediye olacakt\u0131r.&nbsp;<\/p>\n<p>&nbsp;<\/p>\n<p>Masa&uuml;st&uuml;nde stil sahibi bir d&uuml;zenleyici arayanlar i&ccedil;in Kayigo Siyah Woody&nbsp;<br \/>\n\u0130kili Set!<br \/>\nDo\u011fal malzemelerden &uuml;retilen bu set farkl\u0131 kalemlerinizi s\u0131ralamak i&ccedil;in yatay bir kalemli\u011fe, k&uuml;&ccedil;&uuml;k e\u015fyalar\u0131n\u0131z\u0131 koyabilece\u011finiz hazneye sahiptir.&nbsp;<br \/>\n&nbsp;Ofisinizin havas\u0131n\u0131 de\u011fi\u015ftirerek &nbsp;&ccedil;al\u0131\u015fma hayat\u0131n\u0131z\u0131 renklendirecek olan bu set ayn\u0131 zamanda yeni i\u015fe ba\u015flayacak arkada\u015flar\u0131n\u0131z &nbsp;i&ccedil;in de harika bir hediye olacakt\u0131r.&nbsp;<\/p>\n<p>&nbsp;<\/p>\n<p>Bir adet kalemlik ve hazne beraber gelmektedir.&nbsp;<br \/>\n&nbsp;<\/p>\n<p><strong>Kalemlik<\/strong><br \/>\n&nbsp;Boy : &nbsp;23,5Cm<br \/>\nEn: &nbsp;7,5 cm<br \/>\nY&uuml;kseklik: 3 Cm<br \/>\nHazne<br \/>\n&nbsp;Boy : 16 Cm<br \/>\nEn: 7,5 Cm<br \/>\nY&uuml;kseklik: &nbsp;3 Cm<\/p>\n<p>&nbsp;<\/p>\n","protected":false},"excerpt":{"rendered":"<p>&nbsp; Masa&uuml;st&uuml;nde stil sahibi bir d&uuml;zenleyici arayanlar i&ccedil;in Kayigo Siyah Woody&nbsp;\u0130kili Set! Do\u011fal malzemelerden &uuml;retilen bu set farkl\u0131 kalemlerinizi s\u0131ralamak i&ccedil;in yatay bir kalemli\u011fe, k&uuml;&ccedil;&uuml;k e\u015fyalar\u0131n\u0131z\u0131 koyabilece\u011finiz hazneye sahiptir.&nbsp; &nbsp;Ofisinizin havas\u0131n\u0131 de\u011fi\u015ftirerek &nbsp;&ccedil;al\u0131\u015fma hayat\u0131n\u0131z\u0131 renklendirecek olan bu set ayn\u0131 zamanda yeni i\u015fe ba\u015flayacak arkada\u015flar\u0131n\u0131z &nbsp;i&ccedil;in de harika bir hediye olacakt\u0131r.&nbsp; &nbsp; Masa&uuml;st&uuml;nde stil sahibi bir [&hellip;]<\/p>\n","protected":false},"featured_media":1530,"comment_status":"closed","ping_status":"open","template":"","meta":{"_acf_changed":false},"product_brand":[],"product_cat":[27,44],"product_tag":[],"class_list":{"0":"post-1529","1":"product","2":"type-product","3":"status-publish","4":"has-post-thumbnail","6":"product_cat-kayigo","7":"product_cat-ofis","9":"first","10":"instock","11":"purchasable","12":"product-type-simple"},"acf":[],"jetpack_sharing_enabled":true,"_links":{"self":[{"href":"https:\/\/kayigo.com.tr\/index.php\/wp-json\/wp\/v2\/product\/1529","targetHints":{"allow":["GET"]}}],"collection":[{"href":"https:\/\/kayigo.com.tr\/index.php\/wp-json\/wp\/v2\/product"}],"about":[{"href":"https:\/\/kayigo.com.tr\/index.php\/wp-json\/wp\/v2\/types\/product"}],"replies":[{"embeddable":true,"href":"https:\/\/kayigo.com.tr\/index.php\/wp-json\/wp\/v2\/comments?post=1529"}],"wp:featuredmedia":[{"embeddable":true,"href":"https:\/\/kayigo.com.tr\/index.php\/wp-json\/wp\/v2\/media\/1530"}],"wp:attachment":[{"href":"https:\/\/kayigo.com.tr\/index.php\/wp-json\/wp\/v2\/media?parent=1529"}],"wp:term":[{"taxonomy":"product_brand","embeddable":true,"href":"https:\/\/kayigo.com.tr\/index.php\/wp-json\/wp\/v2\/product_brand?post=1529"},{"taxonomy":"product_cat","embeddable":true,"href":"https:\/\/kayigo.com.tr\/index.php\/wp-json\/wp\/v2\/product_cat?post=1529"},{"taxonomy":"product_tag","embeddable":true,"href":"https:\/\/kayigo.com.tr\/index.php\/wp-json\/wp\/v2\/product_tag?post=1529"}],"curies":[{"name":"wp","href":"https:\/\/api.w.org\/{rel}","templated":true}]}}