{"id":1601,"date":"2024-11-30T14:30:33","date_gmt":"2024-11-30T14:30:33","guid":{"rendered":"https:\/\/kayigo.com.tr\/index.php\/product\/kayigo-cactus-lavanta-dolgulu-gri-notluk-kirmizi-gri\/"},"modified":"2026-04-03T14:18:05","modified_gmt":"2026-02-12T14:37:26","slug":"kayigo-cactus-lavanta-dolgulu-gri-notluk-kirmizi-gri","status":"publish","type":"product","link":"https:\/\/kayigo.com.tr\/index.php\/product\/kayigo-cactus-lavanta-dolgulu-gri-notluk-kirmizi-gri\/","title":{"rendered":"Kayigo Cactus Lavanta Dolgulu Gri Notluk \/ K\u0131rm\u0131z\u0131 &#8211; Gri"},"content":{"rendered":"<p>&nbsp;<\/p>\n<p>n<br \/>\nn<\/p>\n<p>Kayigo Lavanta Dolgulu Kakt&uuml;s&nbsp;Notluk&#8230; Notlar\u0131n\u0131z\u0131 hat\u0131rlaman\u0131n en sa\u011fl\u0131kl\u0131 yolu. Antiviral ve sakinle\u015ftirici lavanta kokusunu yo\u011funla\u015ft\u0131rmak i&ccedil;in, a\u011fac\u0131n\u0131z\u0131 s\u0131karak lavantalar\u0131 ezin.<\/p>\n<p>n<br \/>\nn<\/p>\n<p>&nbsp;<\/p>\n<p>n<br \/>\nn<\/p>\n<p>&Ouml;zellikler;<\/p>\n<p>n<br \/>\nn<\/p>\n<p>Dolgu : Yeni Sezon Lavanta Hasat\u0131<br \/>\nnKuma\u015f: %100 Pamuk<br \/>\nnTaban: Masif Ah\u015fap<\/p>\n<p>n<br \/>\nn<\/p>\n<p>Boy: 20 cm<br \/>\nnEn: 8 cm<br \/>\nnY&uuml;kseklik: 6,5 cm<\/p>\n<p>n<br \/>\nn<\/p>\n<p>A\u011f\u0131rl\u0131k: 205 g<\/p>\n<p>n<br \/>\nn<\/p>\n<p>Taze kurutulmu\u015f lavanta dolgulu pamuk kuma\u015f ve egzotik masif ah\u015fap. 3 adet raptiye dahildir.Ah\u015fap do\u011fal bir malzeme olmas\u0131 sebebiyle desen ve renk farkl\u0131l\u0131klar\u0131 g&ouml;sterebilir.<\/p>\n<p>n<br \/>\nn<\/p>\n<p>&nbsp;<\/p>\n<p>n<\/p>\n","protected":false},"excerpt":{"rendered":"<p>&nbsp; n n Kayigo Lavanta Dolgulu Kakt&uuml;s&nbsp;Notluk&#8230; Notlar\u0131n\u0131z\u0131 hat\u0131rlaman\u0131n en sa\u011fl\u0131kl\u0131 yolu. Antiviral ve sakinle\u015ftirici lavanta kokusunu yo\u011funla\u015ft\u0131rmak i&ccedil;in, a\u011fac\u0131n\u0131z\u0131 s\u0131karak lavantalar\u0131 ezin. n n &nbsp; n n &Ouml;zellikler; n n Dolgu : Yeni Sezon Lavanta Hasat\u0131 nKuma\u015f: %100 Pamuk nTaban: Masif Ah\u015fap n n Boy: 20 cm nEn: 8 cm nY&uuml;kseklik: 6,5 cm n [&hellip;]<\/p>\n","protected":false},"featured_media":1603,"comment_status":"closed","ping_status":"open","template":"","meta":{"_acf_changed":false},"product_brand":[],"product_cat":[27,38,40],"product_tag":[],"class_list":{"0":"post-1601","1":"product","2":"type-product","3":"status-publish","4":"has-post-thumbnail","6":"product_cat-kayigo","7":"product_cat-not-tutucu","8":"product_cat-warmy-sarilma-yastigi","10":"first","11":"instock","12":"purchasable","13":"product-type-simple"},"acf":[],"jetpack_sharing_enabled":true,"_links":{"self":[{"href":"https:\/\/kayigo.com.tr\/index.php\/wp-json\/wp\/v2\/product\/1601","targetHints":{"allow":["GET"]}}],"collection":[{"href":"https:\/\/kayigo.com.tr\/index.php\/wp-json\/wp\/v2\/product"}],"about":[{"href":"https:\/\/kayigo.com.tr\/index.php\/wp-json\/wp\/v2\/types\/product"}],"replies":[{"embeddable":true,"href":"https:\/\/kayigo.com.tr\/index.php\/wp-json\/wp\/v2\/comments?post=1601"}],"wp:featuredmedia":[{"embeddable":true,"href":"https:\/\/kayigo.com.tr\/index.php\/wp-json\/wp\/v2\/media\/1603"}],"wp:attachment":[{"href":"https:\/\/kayigo.com.tr\/index.php\/wp-json\/wp\/v2\/media?parent=1601"}],"wp:term":[{"taxonomy":"product_brand","embeddable":true,"href":"https:\/\/kayigo.com.tr\/index.php\/wp-json\/wp\/v2\/product_brand?post=1601"},{"taxonomy":"product_cat","embeddable":true,"href":"https:\/\/kayigo.com.tr\/index.php\/wp-json\/wp\/v2\/product_cat?post=1601"},{"taxonomy":"product_tag","embeddable":true,"href":"https:\/\/kayigo.com.tr\/index.php\/wp-json\/wp\/v2\/product_tag?post=1601"}],"curies":[{"name":"wp","href":"https:\/\/api.w.org\/{rel}","templated":true}]}}