{"id":1767,"date":"2024-11-30T14:44:45","date_gmt":"2024-11-30T14:44:45","guid":{"rendered":"https:\/\/kayigo.com.tr\/index.php\/product\/kayigo-judy-el-cantasi-gri\/"},"modified":"2026-04-09T06:50:10","modified_gmt":"2026-04-09T06:50:10","slug":"kayigo-judy-el-cantasi-gri","status":"publish","type":"product","link":"https:\/\/kayigo.com.tr\/index.php\/product\/kayigo-judy-el-cantasi-gri\/","title":{"rendered":"Kayigo Judy El \u00c7antas\u0131- Gri"},"content":{"rendered":"<p>Kayigo Judy el &ccedil;antas\u0131 ile sizde \u015f\u0131kl\u0131\u011f\u0131n\u0131z\u0131 tamamlay\u0131n.&nbsp;<\/p>\n<p>n<br \/>\nn<\/p>\n<p>\nnHakiki deri Kayigo Judy, gece &ccedil;\u0131karken makyaj malzemenizi, hafta sonu telefonunuzu, resim kursuna giderken kalemlerinizi koyabilece\u011finiz i\u015flevsel tasar\u0131m\u0131yla yan\u0131n\u0131zda. G&uuml;nl&uuml;k kullan\u0131m yan\u0131nda &ouml;zel g&uuml;nleriniz i&ccedil;in de tercih edilebilece\u011finiz Judy&rsquo;nin yumu\u015fak deri hissi ile kendinizi mutlu etmeye ne dersiniz?<\/p>\n<p>n<br \/>\nn<\/p>\n<p>20x9x2 cm Hakiki Deri<\/p>\n<p>n<\/p>\n","protected":false},"excerpt":{"rendered":"<p>Kayigo Judy el &ccedil;antas\u0131 ile sizde \u015f\u0131kl\u0131\u011f\u0131n\u0131z\u0131 tamamlay\u0131n.&nbsp; n n nHakiki deri Kayigo Judy, gece &ccedil;\u0131karken makyaj malzemenizi, hafta sonu telefonunuzu, resim kursuna giderken kalemlerinizi koyabilece\u011finiz i\u015flevsel tasar\u0131m\u0131yla yan\u0131n\u0131zda. G&uuml;nl&uuml;k kullan\u0131m yan\u0131nda &ouml;zel g&uuml;nleriniz i&ccedil;in de tercih edilebilece\u011finiz Judy&rsquo;nin yumu\u015fak deri hissi ile kendinizi mutlu etmeye ne dersiniz? n n 20x9x2 cm Hakiki Deri n<\/p>\n","protected":false},"featured_media":1768,"comment_status":"closed","ping_status":"closed","template":"","meta":{"_acf_changed":false},"product_brand":[],"product_cat":[33,48,27],"product_tag":[],"class_list":{"0":"post-1767","1":"product","2":"type-product","3":"status-publish","4":"has-post-thumbnail","6":"product_cat-cantalar","7":"product_cat-judy","8":"product_cat-kayigo","10":"first","11":"outofstock","12":"purchasable","13":"product-type-simple"},"acf":[],"jetpack_sharing_enabled":true,"_links":{"self":[{"href":"https:\/\/kayigo.com.tr\/index.php\/wp-json\/wp\/v2\/product\/1767","targetHints":{"allow":["GET"]}}],"collection":[{"href":"https:\/\/kayigo.com.tr\/index.php\/wp-json\/wp\/v2\/product"}],"about":[{"href":"https:\/\/kayigo.com.tr\/index.php\/wp-json\/wp\/v2\/types\/product"}],"replies":[{"embeddable":true,"href":"https:\/\/kayigo.com.tr\/index.php\/wp-json\/wp\/v2\/comments?post=1767"}],"wp:featuredmedia":[{"embeddable":true,"href":"https:\/\/kayigo.com.tr\/index.php\/wp-json\/wp\/v2\/media\/1768"}],"wp:attachment":[{"href":"https:\/\/kayigo.com.tr\/index.php\/wp-json\/wp\/v2\/media?parent=1767"}],"wp:term":[{"taxonomy":"product_brand","embeddable":true,"href":"https:\/\/kayigo.com.tr\/index.php\/wp-json\/wp\/v2\/product_brand?post=1767"},{"taxonomy":"product_cat","embeddable":true,"href":"https:\/\/kayigo.com.tr\/index.php\/wp-json\/wp\/v2\/product_cat?post=1767"},{"taxonomy":"product_tag","embeddable":true,"href":"https:\/\/kayigo.com.tr\/index.php\/wp-json\/wp\/v2\/product_tag?post=1767"}],"curies":[{"name":"wp","href":"https:\/\/api.w.org\/{rel}","templated":true}]}}