{"id":1932,"date":"2024-11-30T15:29:48","date_gmt":"2024-11-30T15:29:48","guid":{"rendered":"https:\/\/kayigo.com.tr\/index.php\/product\/kayigo-marsel-kartvizitlik-kulaklik-cantasi-turuncu\/"},"modified":"2026-04-03T12:50:43","modified_gmt":"2026-04-03T12:50:43","slug":"kayigo-marsel-kartvizitlik-kulaklik-cantasi-turuncu","status":"publish","type":"product","link":"https:\/\/kayigo.com.tr\/index.php\/product\/kayigo-marsel-kartvizitlik-kulaklik-cantasi-turuncu\/","title":{"rendered":"Kayigo Marsel Kartvizitlik \/ Kulakl\u0131k \u00c7antas\u0131 Turuncu"},"content":{"rendered":"<p>Kartvizitlerinizi ya da kulakl\u0131k gibi k&uuml;&ccedil;&uuml;k e\u015fyalar\u0131n\u0131z\u0131 saklaman\u0131z i&ccedil;in Marsel el &ccedil;antas\u0131 do\u011fal boyas\u0131 ve harika dokusuyla kullan\u0131rken &ccedil;ok keyif alaca\u011f\u0131n\u0131z bir par&ccedil;a&#8230;<\/p>\n<p>&Ccedil;anta Boyutu: 11*6*3 cm&nbsp;<\/p>\n<p>Vaketa Do\u011fal Boyal\u0131 Deri<\/p>\n","protected":false},"excerpt":{"rendered":"<p>Kartvizitlerinizi ya da kulakl\u0131k gibi k&uuml;&ccedil;&uuml;k e\u015fyalar\u0131n\u0131z\u0131 saklaman\u0131z i&ccedil;in Marsel el &ccedil;antas\u0131 do\u011fal boyas\u0131 ve harika dokusuyla kullan\u0131rken &ccedil;ok keyif alaca\u011f\u0131n\u0131z bir par&ccedil;a&#8230;<\/p>\n<p>n<br \/>\nn<\/p>\n<p>&Ccedil;anta Boyutu: 11*6*3 cm&nbsp;<\/p>\n<p>n<br \/>\nn<\/p>\n<p>Vaketa Do\u011fal Boyal\u0131 Deri<\/p>\n<p>n<\/p>\n","protected":false},"featured_media":1933,"comment_status":"closed","ping_status":"open","template":"","meta":{"_acf_changed":false},"product_brand":[],"product_cat":[],"product_tag":[],"class_list":{"0":"post-1932","1":"product","2":"type-product","3":"status-publish","4":"has-post-thumbnail","7":"first","8":"instock","9":"purchasable","10":"product-type-simple"},"acf":[],"jetpack_sharing_enabled":true,"_links":{"self":[{"href":"https:\/\/kayigo.com.tr\/index.php\/wp-json\/wp\/v2\/product\/1932","targetHints":{"allow":["GET"]}}],"collection":[{"href":"https:\/\/kayigo.com.tr\/index.php\/wp-json\/wp\/v2\/product"}],"about":[{"href":"https:\/\/kayigo.com.tr\/index.php\/wp-json\/wp\/v2\/types\/product"}],"replies":[{"embeddable":true,"href":"https:\/\/kayigo.com.tr\/index.php\/wp-json\/wp\/v2\/comments?post=1932"}],"wp:featuredmedia":[{"embeddable":true,"href":"https:\/\/kayigo.com.tr\/index.php\/wp-json\/wp\/v2\/media\/1933"}],"wp:attachment":[{"href":"https:\/\/kayigo.com.tr\/index.php\/wp-json\/wp\/v2\/media?parent=1932"}],"wp:term":[{"taxonomy":"product_brand","embeddable":true,"href":"https:\/\/kayigo.com.tr\/index.php\/wp-json\/wp\/v2\/product_brand?post=1932"},{"taxonomy":"product_cat","embeddable":true,"href":"https:\/\/kayigo.com.tr\/index.php\/wp-json\/wp\/v2\/product_cat?post=1932"},{"taxonomy":"product_tag","embeddable":true,"href":"https:\/\/kayigo.com.tr\/index.php\/wp-json\/wp\/v2\/product_tag?post=1932"}],"curies":[{"name":"wp","href":"https:\/\/api.w.org\/{rel}","templated":true}]}}