{"id":2017,"date":"2024-11-30T15:27:20","date_gmt":"2024-11-30T15:27:20","guid":{"rendered":"https:\/\/kayigo.com.tr\/index.php\/product\/kayigo-tiny-work-at-summer-8li-atas-seti\/"},"modified":"2026-04-03T12:40:45","modified_gmt":"2026-04-03T12:40:45","slug":"kayigo-tiny-work-at-summer-8li-atas-seti","status":"publish","type":"product","link":"https:\/\/kayigo.com.tr\/index.php\/product\/kayigo-tiny-work-at-summer-8li-atas-seti\/","title":{"rendered":"Kayigo Tiny Work At Summer 8&#8217;li Ata\u015f Seti"},"content":{"rendered":"<p>Yaz konseptli bu ata\u015flarla &ccedil;al\u0131\u015fman\u0131n tad\u0131n\u0131 &ccedil;\u0131kar\u0131n! Y&uuml;ksek kaliteli malzemesiyle ve parlakl\u0131\u011f\u0131yla masan\u0131zda g&ouml;z alacak.<\/p>\n<p>11 x 15 x 3 mm<\/p>\n<p>8 li set i&ccedil;erir<\/p>\n<p>Materyal: &Ccedil;elik<\/p>\n<p>Rose Gold<\/p>\n","protected":false},"excerpt":{"rendered":"<p>Yaz konseptli bu ata\u015flarla &ccedil;al\u0131\u015fman\u0131n tad\u0131n\u0131 &ccedil;\u0131kar\u0131n! Y&uuml;ksek kaliteli malzemesiyle ve parlakl\u0131\u011f\u0131yla masan\u0131zda g&ouml;z alacak.<\/p>\n<p>n<br \/>\nn<\/p>\n<p>11 x 15 x 3 mm<\/p>\n<p>n<br \/>\nn<\/p>\n<p>8 li set i&ccedil;erir<\/p>\n<p>n<br \/>\nn<\/p>\n<p>Materyal: &Ccedil;elik<\/p>\n<p>n<br \/>\nn<\/p>\n<p>Rose Gold<\/p>\n<p>n<\/p>\n","protected":false},"featured_media":2018,"comment_status":"closed","ping_status":"open","template":"","meta":{"_acf_changed":false},"product_brand":[],"product_cat":[27,44],"product_tag":[],"class_list":{"0":"post-2017","1":"product","2":"type-product","3":"status-publish","4":"has-post-thumbnail","6":"product_cat-kayigo","7":"product_cat-ofis","9":"first","10":"instock","11":"purchasable","12":"product-type-simple"},"acf":[],"jetpack_sharing_enabled":true,"_links":{"self":[{"href":"https:\/\/kayigo.com.tr\/index.php\/wp-json\/wp\/v2\/product\/2017","targetHints":{"allow":["GET"]}}],"collection":[{"href":"https:\/\/kayigo.com.tr\/index.php\/wp-json\/wp\/v2\/product"}],"about":[{"href":"https:\/\/kayigo.com.tr\/index.php\/wp-json\/wp\/v2\/types\/product"}],"replies":[{"embeddable":true,"href":"https:\/\/kayigo.com.tr\/index.php\/wp-json\/wp\/v2\/comments?post=2017"}],"wp:featuredmedia":[{"embeddable":true,"href":"https:\/\/kayigo.com.tr\/index.php\/wp-json\/wp\/v2\/media\/2018"}],"wp:attachment":[{"href":"https:\/\/kayigo.com.tr\/index.php\/wp-json\/wp\/v2\/media?parent=2017"}],"wp:term":[{"taxonomy":"product_brand","embeddable":true,"href":"https:\/\/kayigo.com.tr\/index.php\/wp-json\/wp\/v2\/product_brand?post=2017"},{"taxonomy":"product_cat","embeddable":true,"href":"https:\/\/kayigo.com.tr\/index.php\/wp-json\/wp\/v2\/product_cat?post=2017"},{"taxonomy":"product_tag","embeddable":true,"href":"https:\/\/kayigo.com.tr\/index.php\/wp-json\/wp\/v2\/product_tag?post=2017"}],"curies":[{"name":"wp","href":"https:\/\/api.w.org\/{rel}","templated":true}]}}