{"id":2031,"date":"2024-11-30T17:53:34","date_gmt":"2024-11-30T17:53:34","guid":{"rendered":"https:\/\/kayigo.com.tr\/index.php\/product\/kt500r-kayigo-tiny-animal-friendly-8li-atas-seti\/"},"modified":"2026-04-03T12:40:26","modified_gmt":"2026-04-03T12:40:26","slug":"kt500r-kayigo-tiny-animal-friendly-8li-atas-seti","status":"publish","type":"product","link":"https:\/\/kayigo.com.tr\/index.php\/product\/kt500r-kayigo-tiny-animal-friendly-8li-atas-seti\/","title":{"rendered":"KT500R-Kayigo Tiny Animal Friendly 8&#8217;li Ata\u015f Seti"},"content":{"rendered":"<p>Sevimli hayvanlar konseptli bu ata\u015flarla &ccedil;al\u0131\u015fman\u0131n tad\u0131n\u0131 &ccedil;\u0131kar\u0131n! Y&uuml;ksek kaliteli malzemesiyle ve parlakl\u0131\u011f\u0131yla masan\u0131zda g&ouml;z alacak.<\/p>\n<p>11 x 15 x 3 mm<\/p>\n<p>8 li set i&ccedil;erir<\/p>\n<p>Materyal: &Ccedil;elik<\/p>\n<p>Rose Gold<\/p>\n","protected":false},"excerpt":{"rendered":"<p>Sevimli hayvanlar konseptli bu ata\u015flarla \u00e7al\u0131\u015fman\u0131n tad\u0131n\u0131 \u00e7\u0131kar\u0131n! Y\u00fcksek kaliteli malzemesiyle ve parlakl\u0131\u011f\u0131yla masan\u0131zda g\u00f6z alacak.<br \/>\nn<br \/>\nn11 x 15 x 3 mm<br \/>\nn<br \/>\nn8 li set i\u00e7erir<br \/>\nn<br \/>\nnMateryal: \u00c7elik<br \/>\nn<br \/>\nnRose Gold<\/p>\n","protected":false},"featured_media":2032,"comment_status":"closed","ping_status":"open","template":"","meta":{"_acf_changed":false},"product_brand":[],"product_cat":[27,44],"product_tag":[],"class_list":{"0":"post-2031","1":"product","2":"type-product","3":"status-publish","4":"has-post-thumbnail","6":"product_cat-kayigo","7":"product_cat-ofis","9":"first","10":"instock","11":"purchasable","12":"product-type-simple"},"acf":[],"jetpack_sharing_enabled":true,"_links":{"self":[{"href":"https:\/\/kayigo.com.tr\/index.php\/wp-json\/wp\/v2\/product\/2031","targetHints":{"allow":["GET"]}}],"collection":[{"href":"https:\/\/kayigo.com.tr\/index.php\/wp-json\/wp\/v2\/product"}],"about":[{"href":"https:\/\/kayigo.com.tr\/index.php\/wp-json\/wp\/v2\/types\/product"}],"replies":[{"embeddable":true,"href":"https:\/\/kayigo.com.tr\/index.php\/wp-json\/wp\/v2\/comments?post=2031"}],"wp:featuredmedia":[{"embeddable":true,"href":"https:\/\/kayigo.com.tr\/index.php\/wp-json\/wp\/v2\/media\/2032"}],"wp:attachment":[{"href":"https:\/\/kayigo.com.tr\/index.php\/wp-json\/wp\/v2\/media?parent=2031"}],"wp:term":[{"taxonomy":"product_brand","embeddable":true,"href":"https:\/\/kayigo.com.tr\/index.php\/wp-json\/wp\/v2\/product_brand?post=2031"},{"taxonomy":"product_cat","embeddable":true,"href":"https:\/\/kayigo.com.tr\/index.php\/wp-json\/wp\/v2\/product_cat?post=2031"},{"taxonomy":"product_tag","embeddable":true,"href":"https:\/\/kayigo.com.tr\/index.php\/wp-json\/wp\/v2\/product_tag?post=2031"}],"curies":[{"name":"wp","href":"https:\/\/api.w.org\/{rel}","templated":true}]}}