{"id":2127,"date":"2024-11-30T18:00:41","date_gmt":"2024-11-30T18:00:41","guid":{"rendered":"https:\/\/kayigo.com.tr\/index.php\/product\/kayigo-tiny-paslanmaz-celik-mini-mandal-onikili-rainbow\/"},"modified":"2026-04-03T18:54:22","modified_gmt":"2026-04-03T18:54:22","slug":"kayigo-tiny-paslanmaz-celik-mini-mandal-onikili-rainbow","status":"publish","type":"product","link":"https:\/\/kayigo.com.tr\/index.php\/product\/kayigo-tiny-paslanmaz-celik-mini-mandal-onikili-rainbow\/","title":{"rendered":"Kayigo Tiny Paslanmaz \u00c7elik  Mini Mandal Onikili &#8211; Rainbow"},"content":{"rendered":"<p>Bu mini suya dayan\u0131kl\u0131, paslanmaz &ccedil;elik mandallar&nbsp;y&uuml;ksek kaliteli yap\u0131ya sahiptir. ,Mutfakta a&ccedil;\u0131lan paketlerinizin hava almamas\u0131 i&ccedil;in ve de ofisinizde evraklar\u0131n\u0131z\u0131 toparlamak i&ccedil;in kullanabilirsiniz. Bir paket 12 adet i&ccedil;erir.<\/p>\n<p>33 mm x 8 mm x 12 mm<\/p>\n","protected":false},"excerpt":{"rendered":"<p>Bu mini suya dayan\u0131kl\u0131, paslanmaz &ccedil;elik<\/p>\n<p>n<br \/>\nn<\/p>\n<p>y&uuml;ksek kaliteli yap\u0131ya sahiptir. ,Mutfakta a&ccedil;\u0131lan paketlerinizin hava almamas\u0131 i&ccedil;in ve de ofisinizde evraklar\u0131n\u0131z\u0131 toparlamak i&ccedil;in kullanabilirsiniz. Bir paket 12 adet i&ccedil;erir.<\/p>\n<p>n<br \/>\nn<\/p>\n<p>33 mm x 8 mm x 12 mm<\/p>\n<p>n<\/p>\n","protected":false},"featured_media":2128,"comment_status":"closed","ping_status":"open","template":"","meta":{"_acf_changed":false},"product_brand":[],"product_cat":[27],"product_tag":[],"class_list":{"0":"post-2127","1":"product","2":"type-product","3":"status-publish","4":"has-post-thumbnail","6":"product_cat-kayigo","8":"first","9":"instock","10":"purchasable","11":"product-type-simple"},"acf":[],"jetpack_sharing_enabled":true,"_links":{"self":[{"href":"https:\/\/kayigo.com.tr\/index.php\/wp-json\/wp\/v2\/product\/2127","targetHints":{"allow":["GET"]}}],"collection":[{"href":"https:\/\/kayigo.com.tr\/index.php\/wp-json\/wp\/v2\/product"}],"about":[{"href":"https:\/\/kayigo.com.tr\/index.php\/wp-json\/wp\/v2\/types\/product"}],"replies":[{"embeddable":true,"href":"https:\/\/kayigo.com.tr\/index.php\/wp-json\/wp\/v2\/comments?post=2127"}],"wp:featuredmedia":[{"embeddable":true,"href":"https:\/\/kayigo.com.tr\/index.php\/wp-json\/wp\/v2\/media\/2128"}],"wp:attachment":[{"href":"https:\/\/kayigo.com.tr\/index.php\/wp-json\/wp\/v2\/media?parent=2127"}],"wp:term":[{"taxonomy":"product_brand","embeddable":true,"href":"https:\/\/kayigo.com.tr\/index.php\/wp-json\/wp\/v2\/product_brand?post=2127"},{"taxonomy":"product_cat","embeddable":true,"href":"https:\/\/kayigo.com.tr\/index.php\/wp-json\/wp\/v2\/product_cat?post=2127"},{"taxonomy":"product_tag","embeddable":true,"href":"https:\/\/kayigo.com.tr\/index.php\/wp-json\/wp\/v2\/product_tag?post=2127"}],"curies":[{"name":"wp","href":"https:\/\/api.w.org\/{rel}","templated":true}]}}