{"id":2904,"date":"2026-04-03T14:46:25","date_gmt":"2026-04-03T14:46:25","guid":{"rendered":"https:\/\/kayigo.com.tr\/index.php\/product\/kayigo-cactus-lavanta-dolgulu-notluk-potikareli-gri-2\/"},"modified":"2026-04-03T14:46:25","modified_gmt":"2026-04-03T14:46:25","slug":"kayigo-cactus-lavanta-dolgulu-notluk-potikareli-gri-2","status":"publish","type":"product","link":"https:\/\/kayigo.com.tr\/index.php\/product\/kayigo-cactus-lavanta-dolgulu-notluk-potikareli-gri-2\/","title":{"rendered":"Kayigo Cactus Lavanta Dolgulu Notluk \/ P\u00f6tikareli &#8211; Gri"},"content":{"rendered":"<p>&nbsp;<\/p>\n<p>Kayigo Lavanta Dolgulu Kakt&uuml;s&nbsp;Notluk&#8230; Notlar\u0131n\u0131z\u0131 hat\u0131rlaman\u0131n en sa\u011fl\u0131kl\u0131 yolu. Antiviral ve sakinle\u015ftirici lavanta kokusunu yo\u011funla\u015ft\u0131rmak i&ccedil;in, a\u011fac\u0131n\u0131z\u0131 s\u0131karak lavantalar\u0131 ezin.<\/p>\n<p>&nbsp;<\/p>\n<p>&Ouml;zellikler;<\/p>\n<p>Dolgu : Yeni Sezon Lavanta Hasat\u0131<br \/>\nKuma\u015f: %100 Pamuk<br \/>\nTaban: Masif Ah\u015fap<\/p>\n<p>Boy: 20 cm<br \/>\nEn: 8 cm<br \/>\nY&uuml;kseklik: 6,5 cm<\/p>\n<p>A\u011f\u0131rl\u0131k: 205 g<\/p>\n<p>Taze kurutulmu\u015f lavanta dolgulu pamuk kuma\u015f ve egzotik masif ah\u015fap. 3 adet raptiye dahildir.Ah\u015fap do\u011fal bir malzeme olmas\u0131 sebebiyle desen ve renk farkl\u0131l\u0131klar\u0131 g&ouml;sterebilir.<\/p>\n<p>&nbsp;<\/p>\n","protected":false},"excerpt":{"rendered":"<p>&nbsp; Kayigo Lavanta Dolgulu Kakt&uuml;s&nbsp;Notluk&#8230; Notlar\u0131n\u0131z\u0131 hat\u0131rlaman\u0131n en sa\u011fl\u0131kl\u0131 yolu. Antiviral ve sakinle\u015ftirici lavanta kokusunu yo\u011funla\u015ft\u0131rmak i&ccedil;in, a\u011fac\u0131n\u0131z\u0131 s\u0131karak lavantalar\u0131 ezin. &nbsp; &Ouml;zellikler; Dolgu : Yeni Sezon Lavanta Hasat\u0131 Kuma\u015f: %100 Pamuk Taban: Masif Ah\u015fap Boy: 20 cm En: 8 cm Y&uuml;kseklik: 6,5 cm A\u011f\u0131rl\u0131k: 205 g Taze kurutulmu\u015f lavanta dolgulu pamuk kuma\u015f ve egzotik [&hellip;]<\/p>\n","protected":false},"featured_media":2902,"comment_status":"open","ping_status":"closed","template":"","meta":{"_acf_changed":false},"product_brand":[],"product_cat":[38],"product_tag":[],"class_list":{"0":"post-2904","1":"product","2":"type-product","3":"status-publish","4":"has-post-thumbnail","6":"product_cat-not-tutucu","8":"first","9":"instock","10":"taxable","11":"shipping-taxable","12":"purchasable","13":"product-type-simple"},"acf":[],"jetpack_sharing_enabled":true,"_links":{"self":[{"href":"https:\/\/kayigo.com.tr\/index.php\/wp-json\/wp\/v2\/product\/2904","targetHints":{"allow":["GET"]}}],"collection":[{"href":"https:\/\/kayigo.com.tr\/index.php\/wp-json\/wp\/v2\/product"}],"about":[{"href":"https:\/\/kayigo.com.tr\/index.php\/wp-json\/wp\/v2\/types\/product"}],"replies":[{"embeddable":true,"href":"https:\/\/kayigo.com.tr\/index.php\/wp-json\/wp\/v2\/comments?post=2904"}],"wp:featuredmedia":[{"embeddable":true,"href":"https:\/\/kayigo.com.tr\/index.php\/wp-json\/wp\/v2\/media\/2902"}],"wp:attachment":[{"href":"https:\/\/kayigo.com.tr\/index.php\/wp-json\/wp\/v2\/media?parent=2904"}],"wp:term":[{"taxonomy":"product_brand","embeddable":true,"href":"https:\/\/kayigo.com.tr\/index.php\/wp-json\/wp\/v2\/product_brand?post=2904"},{"taxonomy":"product_cat","embeddable":true,"href":"https:\/\/kayigo.com.tr\/index.php\/wp-json\/wp\/v2\/product_cat?post=2904"},{"taxonomy":"product_tag","embeddable":true,"href":"https:\/\/kayigo.com.tr\/index.php\/wp-json\/wp\/v2\/product_tag?post=2904"}],"curies":[{"name":"wp","href":"https:\/\/api.w.org\/{rel}","templated":true}]}}