{"id":2908,"date":"2026-04-03T14:48:26","date_gmt":"2026-04-03T14:48:26","guid":{"rendered":"https:\/\/kayigo.com.tr\/index.php\/product\/kayigo-cactus-lavanta-dolgulu-notluk-kirmizi-krem-2\/"},"modified":"2026-04-03T14:48:26","modified_gmt":"2026-04-03T14:48:26","slug":"kayigo-cactus-lavanta-dolgulu-notluk-kirmizi-krem-2","status":"publish","type":"product","link":"https:\/\/kayigo.com.tr\/index.php\/product\/kayigo-cactus-lavanta-dolgulu-notluk-kirmizi-krem-2\/","title":{"rendered":"Kayigo Cactus Lavanta Dolgulu Notluk \/ K\u0131rm\u0131z\u0131 &#8211; Krem"},"content":{"rendered":"<p>&nbsp;<\/p>\n<p><strong>Kay\u0131go Cactus Lavanta Dolgulu Notluk<\/strong><\/p>\n<p>&nbsp;<\/p>\n<p>&nbsp;<\/p>\n<p>Notlar\u0131n\u0131z\u0131 hat\u0131rlaman\u0131n en sa\u011fl\u0131kl\u0131 yolu. Antiviral ve sakinle\u015ftirici lavanta kokusunu yo\u011funla\u015ft\u0131rmak i&ccedil;in, kakt&uuml;s&uuml;n&uuml;z&uuml; s\u0131karak lavantalar\u0131 ezin.<\/p>\n<p>Taze kurutulmu\u015f lavanta dolgulu pamuk kakt&uuml;s ve egzotik masif ah\u015fap.<br \/>\n2 adet raptiye dahildir.<\/p>\n<ul>\n<li>Dolgu : Yeni Sezon&nbsp;Hasat\u0131 Lavanta<\/li>\n<li>Kuma\u015f: %100 Pamuk<\/li>\n<li>Taban: Masif Ah\u015fap<\/li>\n<li>Boy : 13 Cm<\/li>\n<li>En: 6 Cm<\/li>\n<li>Y&uuml;kseklik: 18 Cm<\/li>\n<li>A\u011f\u0131rl\u0131k: 200 g<\/li>\n<\/ul>\n<p>&nbsp;<\/p>\n","protected":false},"excerpt":{"rendered":"<p>&nbsp; Kay\u0131go Cactus Lavanta Dolgulu Notluk &nbsp; &nbsp; Notlar\u0131n\u0131z\u0131 hat\u0131rlaman\u0131n en sa\u011fl\u0131kl\u0131 yolu. Antiviral ve sakinle\u015ftirici lavanta kokusunu yo\u011funla\u015ft\u0131rmak i&ccedil;in, kakt&uuml;s&uuml;n&uuml;z&uuml; s\u0131karak lavantalar\u0131 ezin. Taze kurutulmu\u015f lavanta dolgulu pamuk kakt&uuml;s ve egzotik masif ah\u015fap. 2 adet raptiye dahildir. Dolgu : Yeni Sezon&nbsp;Hasat\u0131 Lavanta Kuma\u015f: %100 Pamuk Taban: Masif Ah\u015fap Boy : 13 Cm En: 6 [&hellip;]<\/p>\n","protected":false},"featured_media":2905,"comment_status":"open","ping_status":"closed","template":"","meta":{"_acf_changed":false},"product_brand":[],"product_cat":[38],"product_tag":[],"class_list":{"0":"post-2908","1":"product","2":"type-product","3":"status-publish","4":"has-post-thumbnail","6":"product_cat-not-tutucu","8":"first","9":"instock","10":"taxable","11":"shipping-taxable","12":"purchasable","13":"product-type-simple"},"acf":[],"jetpack_sharing_enabled":true,"_links":{"self":[{"href":"https:\/\/kayigo.com.tr\/index.php\/wp-json\/wp\/v2\/product\/2908","targetHints":{"allow":["GET"]}}],"collection":[{"href":"https:\/\/kayigo.com.tr\/index.php\/wp-json\/wp\/v2\/product"}],"about":[{"href":"https:\/\/kayigo.com.tr\/index.php\/wp-json\/wp\/v2\/types\/product"}],"replies":[{"embeddable":true,"href":"https:\/\/kayigo.com.tr\/index.php\/wp-json\/wp\/v2\/comments?post=2908"}],"wp:featuredmedia":[{"embeddable":true,"href":"https:\/\/kayigo.com.tr\/index.php\/wp-json\/wp\/v2\/media\/2905"}],"wp:attachment":[{"href":"https:\/\/kayigo.com.tr\/index.php\/wp-json\/wp\/v2\/media?parent=2908"}],"wp:term":[{"taxonomy":"product_brand","embeddable":true,"href":"https:\/\/kayigo.com.tr\/index.php\/wp-json\/wp\/v2\/product_brand?post=2908"},{"taxonomy":"product_cat","embeddable":true,"href":"https:\/\/kayigo.com.tr\/index.php\/wp-json\/wp\/v2\/product_cat?post=2908"},{"taxonomy":"product_tag","embeddable":true,"href":"https:\/\/kayigo.com.tr\/index.php\/wp-json\/wp\/v2\/product_tag?post=2908"}],"curies":[{"name":"wp","href":"https:\/\/api.w.org\/{rel}","templated":true}]}}