{"id":2932,"date":"2026-04-03T14:57:41","date_gmt":"2026-04-03T14:57:41","guid":{"rendered":"https:\/\/kayigo.com.tr\/index.php\/product\/kayigo-woody-krem-uclu-ofis-seti-bej-cactus-2\/"},"modified":"2026-04-03T14:57:41","modified_gmt":"2026-04-03T14:57:41","slug":"kayigo-woody-krem-uclu-ofis-seti-bej-cactus-2","status":"publish","type":"product","link":"https:\/\/kayigo.com.tr\/index.php\/product\/kayigo-woody-krem-uclu-ofis-seti-bej-cactus-2\/","title":{"rendered":"Kayigo  Woody Krem \u00dc\u00e7l\u00fc Ofis  Seti &#8211; Bej Cactus"},"content":{"rendered":"<p>&nbsp;<\/p>\n<p><em><strong>&Ouml;ZELL\u0130KLER:<\/strong><\/em><\/p>\n<p>&nbsp;<\/p>\n<p>Bir adet kalemlik, hazne ve kakt&uuml;s notluk beraber gelmektedir. 3 adet raptiye dahildir.<\/p>\n<p><em><strong>&Ouml;L&Ccedil;&Uuml;:<\/strong><\/em><\/p>\n<p><strong>KALEML\u0130K:<\/strong><br \/>\nBoy : 23,5Cm<br \/>\nEn: 7,5 cm<br \/>\nY&uuml;kseklik: 3 Cm<br \/>\n<strong>HAZNE:<\/strong><br \/>\nBoy : 16 Cm<br \/>\nEn: 7,5 Cm<br \/>\nY&uuml;kseklik: 3 Cm<br \/>\n<strong>KAKT&Uuml;S NOTLUK: <\/strong><br \/>\nBoy : 13 Cm<br \/>\nEn: 6 Cm<br \/>\nY&uuml;kseklik: 18 Cm<\/p>\n<p><em><strong>MALZEME:<\/strong><\/em><\/p>\n<p>Masif Ah\u015fap- Lake Cila<\/p>\n<p>&nbsp;<\/p>\n<p>&nbsp;<\/p>\n","protected":false},"excerpt":{"rendered":"<p>&nbsp; &Ouml;ZELL\u0130KLER: &nbsp; Bir adet kalemlik, hazne ve kakt&uuml;s notluk beraber gelmektedir. 3 adet raptiye dahildir. &Ouml;L&Ccedil;&Uuml;: KALEML\u0130K: Boy : 23,5Cm En: 7,5 cm Y&uuml;kseklik: 3 Cm HAZNE: Boy : 16 Cm En: 7,5 Cm Y&uuml;kseklik: 3 Cm KAKT&Uuml;S NOTLUK: Boy : 13 Cm En: 6 Cm Y&uuml;kseklik: 18 Cm MALZEME: Masif Ah\u015fap- Lake Cila [&hellip;]<\/p>\n","protected":false},"featured_media":2928,"comment_status":"open","ping_status":"closed","template":"","meta":{"_acf_changed":false},"product_brand":[],"product_cat":[44],"product_tag":[],"class_list":{"0":"post-2932","1":"product","2":"type-product","3":"status-publish","4":"has-post-thumbnail","6":"product_cat-ofis","8":"first","9":"instock","10":"taxable","11":"shipping-taxable","12":"purchasable","13":"product-type-simple"},"acf":[],"jetpack_sharing_enabled":true,"_links":{"self":[{"href":"https:\/\/kayigo.com.tr\/index.php\/wp-json\/wp\/v2\/product\/2932","targetHints":{"allow":["GET"]}}],"collection":[{"href":"https:\/\/kayigo.com.tr\/index.php\/wp-json\/wp\/v2\/product"}],"about":[{"href":"https:\/\/kayigo.com.tr\/index.php\/wp-json\/wp\/v2\/types\/product"}],"replies":[{"embeddable":true,"href":"https:\/\/kayigo.com.tr\/index.php\/wp-json\/wp\/v2\/comments?post=2932"}],"wp:featuredmedia":[{"embeddable":true,"href":"https:\/\/kayigo.com.tr\/index.php\/wp-json\/wp\/v2\/media\/2928"}],"wp:attachment":[{"href":"https:\/\/kayigo.com.tr\/index.php\/wp-json\/wp\/v2\/media?parent=2932"}],"wp:term":[{"taxonomy":"product_brand","embeddable":true,"href":"https:\/\/kayigo.com.tr\/index.php\/wp-json\/wp\/v2\/product_brand?post=2932"},{"taxonomy":"product_cat","embeddable":true,"href":"https:\/\/kayigo.com.tr\/index.php\/wp-json\/wp\/v2\/product_cat?post=2932"},{"taxonomy":"product_tag","embeddable":true,"href":"https:\/\/kayigo.com.tr\/index.php\/wp-json\/wp\/v2\/product_tag?post=2932"}],"curies":[{"name":"wp","href":"https:\/\/api.w.org\/{rel}","templated":true}]}}